{"id":780,"date":"2023-08-03T16:57:00","date_gmt":"2023-08-03T16:57:00","guid":{"rendered":"https:\/\/rnt.ro\/?page_id=780"},"modified":"2026-05-01T20:13:10","modified_gmt":"2026-05-01T20:13:10","slug":"retea","status":"publish","type":"page","link":"https:\/\/rnt.ro\/index.php\/retea\/","title":{"rendered":"Retea"},"content":{"rendered":"<div data-colibri-id=\"780-c1\" class=\"style-510 style-local-780-c1 position-relative\">\r\n  <!---->\r\n  <div data-colibri-component=\"section\" data-colibri-id=\"780-c7\" id=\"about\" class=\"h-section h-section-global-spacing d-flex align-items-lg-center align-items-md-center align-items-center style-516 style-local-780-c7 position-relative\">\r\n    <!---->\r\n    <!---->\r\n    <div class=\"h-section-grid-container h-section-boxed-container\">\r\n      <!---->\r\n      <div data-colibri-id=\"780-c8\" class=\"h-row-container gutters-row-lg-0 gutters-row-md-0 gutters-row-0 gutters-row-v-lg-0 gutters-row-v-md-0 gutters-row-v-0 style-517 style-local-780-c8 position-relative\">\r\n        <!---->\r\n        <div class=\"h-row justify-content-lg-center justify-content-md-center justify-content-center align-items-lg-stretch align-items-md-stretch align-items-stretch gutters-col-lg-0 gutters-col-md-0 gutters-col-0 gutters-col-v-lg-0 gutters-col-v-md-0 gutters-col-v-0\">\r\n          <!---->\r\n          <div class=\"h-column h-column-container d-flex h-col-lg-auto h-col-md-auto h-col-auto style-518-outer style-local-780-c9-outer\">\r\n            <div data-colibri-id=\"780-c9\" class=\"d-flex h-flex-basis h-column__inner h-px-lg-0 h-px-md-0 h-px-0 v-inner-lg-0 v-inner-md-0 v-inner-0 style-518 style-local-780-c9 position-relative\">\r\n              <!---->\r\n              <!---->\r\n              <div class=\"w-100 h-y-container h-column__content h-column__v-align flex-basis-100 align-self-lg-start align-self-md-start align-self-start\">\r\n                <!---->\r\n                <div data-colibri-id=\"780-c10\" class=\"h-global-transition-all h-heading style-519 style-local-780-c10 position-relative h-element\">\r\n                  <!---->\r\n                  <div class=\"h-heading__outer style-519 style-local-780-c10\">\r\n                    <!---->\r\n                    <!---->\r\n                    <h5 class=\"\">Reteaua de fibra optica<\/h5>\r\n                  <\/div>\r\n                <\/div>\r\n                <div data-colibri-id=\"780-c12\" class=\"h-text h-text-component style-521 style-local-780-c12 position-relative h-element\">\r\n                  <!---->\r\n                  <!---->\r\n                  <div class=\"\">\r\n                    <p>Clien\u021bii de toate dimensiunile din diverse sectoare de afaceri beneficiaz\u0103 de serviciile pe care le suport\u0103 re\u021beaua noastr\u0103, cu cele mai \u00eenalte standarde de performan\u021b\u0103, laten\u021b\u0103 \u0219i securitate ale industriei.<\/p>\r\n                  <\/div>\r\n                <\/div>\r\n                <div data-colibri-id=\"780-c11\" class=\"h-global-transition-all h-heading style-520 style-local-780-c11 position-relative h-element\">\r\n                  <!---->\r\n                  <div class=\"h-heading__outer style-520 style-local-780-c11\">\r\n                    <!---->\r\n                    <!---->\r\n                    <h2 class=\"\">Re\u021beaua RNT este \u00een continu\u0103 cre\u0219tere \u0219i evolu\u021bie. <\/h2>\r\n                  <\/div>\r\n                <\/div>\r\n              <\/div>\r\n            <\/div>\r\n          <\/div>\r\n          <div class=\"h-column h-column-container d-flex h-col-lg-auto h-col-md-auto h-col-auto style-522-outer style-local-780-c13-outer\">\r\n            <div data-colibri-id=\"780-c13\" class=\"d-flex h-flex-basis h-column__inner h-ui-empty-state-container h-px-lg-2 h-px-md-2 h-px-2 v-inner-lg-2 v-inner-md-2 v-inner-2 style-522 style-local-780-c13 position-relative\">\r\n              <!---->\r\n              <!---->\r\n              <div class=\"w-100 h-y-container h-column__content h-column__v-align flex-basis-100\">\r\n                <!---->\r\n              <\/div>\r\n            <\/div>\r\n          <\/div>\r\n        <\/div>\r\n      <\/div>\r\n    <\/div>\r\n  <\/div>\r\n  <div data-colibri-component=\"section\" data-colibri-id=\"780-c14\" id=\"custom\" class=\"h-section h-section-global-spacing d-flex align-items-lg-center align-items-md-center align-items-center style-523 style-local-780-c14 position-relative\">\r\n    <!---->\r\n    <!---->\r\n    <div class=\"h-section-grid-container h-section-boxed-container\">\r\n      <!---->\r\n      <div data-colibri-id=\"780-c15\" class=\"h-row-container gutters-row-lg-2 gutters-row-md-2 gutters-row-0 gutters-row-v-lg-2 gutters-row-v-md-2 gutters-row-v-2 style-524 style-local-780-c15 position-relative\">\r\n        <!---->\r\n        <div class=\"h-row justify-content-lg-center justify-content-md-center justify-content-center align-items-lg-stretch align-items-md-stretch align-items-stretch gutters-col-lg-2 gutters-col-md-2 gutters-col-0 gutters-col-v-lg-2 gutters-col-v-md-2 gutters-col-v-2\">\r\n          <!---->\r\n          <div class=\"h-column h-column-container d-flex h-col-lg-auto h-col-md-auto h-col-auto style-525-outer style-local-780-c16-outer\">\r\n            <div data-colibri-id=\"780-c16\" class=\"d-flex h-flex-basis h-column__inner h-px-lg-2 h-px-md-2 h-px-2 v-inner-lg-2 v-inner-md-2 v-inner-2 style-525 style-local-780-c16 position-relative\">\r\n              <!---->\r\n              <!---->\r\n              <div class=\"w-100 h-y-container h-column__content h-column__v-align flex-basis-100 align-self-lg-start align-self-md-start align-self-start\">\r\n                <!---->\r\n                <div data-colibri-id=\"780-c17\" class=\"h-text h-text-component style-526 style-local-780-c17 position-relative h-element\">\r\n                  <!---->\r\n                  <!---->\r\n                  <div class=\"\">\r\n                    <p>Amploarea, acoperirea \u0219i capacitatea re\u021belei unui furnizor sunt factori cheie atunci c\u00e2nd se doreste sa isi consolideze cota de pia\u021b\u0103 sau s\u0103 se acopere teritorii noi. <\/p>\r\n                    <p>\r\n                      <br>\r\n                    <\/p>\r\n                    <p>Re\u021beaua RNT ofer\u0103 clien\u021bilor o vizualizare unic\u0103 a activit\u0103\u021bii \u0219i performan\u021bei serviciilor, precum \u0219i o experien\u021b\u0103 de utilizator consecvent\u0103 \u00een toate zonele geografice, inclusiv management opera\u021bional 24\/7. Infrastructura noastr\u0103 avansat\u0103\r\n                      \u00eenseamn\u0103 c\u0103 clien\u021bii no\u0219tri beneficiaz\u0103 de serviciile noastre flexibile, receptive \u0219i de \u00eencredere zi de zi. <\/p>\r\n                    <p>\r\n                      <br>\r\n                    <\/p>\r\n                    <p>Acordurile noastre privind nivelul de servicii (SLA) pentru clien\u021bii no\u0219tri de pe net si a celor de interconectare sunt unul dintre cele mai exigente din industrie. Ne extindem re\u021beaua pentru a ne \u00eembun\u0103t\u0103\u021bi at\u00e2t amprenta, c\u00e2t \u0219i serviciile.\r\n                      <\/p>\r\n                    <p>\r\n                      <br>\r\n                    <\/p>\r\n                    <p>Tehnologia \u0219i arhitectura re\u021belei noastre de fibr\u0103 optic\u0103 garanteaz\u0103 organiza\u021biei dumneavoastr\u0103 disponibilitate \u0219i fiabilitate maxim\u0103.<\/p>\r\n                  <\/div>\r\n                <\/div>\r\n              <\/div>\r\n            <\/div>\r\n          <\/div>\r\n        <\/div>\r\n      <\/div>\r\n    <\/div>\r\n  <\/div>\r\n  <div data-colibri-component=\"section\" data-colibri-id=\"780-c18\" id=\"custom-2\" class=\"h-section h-section-global-spacing d-flex align-items-lg-center align-items-md-center align-items-center style-527 style-local-780-c18 position-relative\">\r\n    <!---->\r\n    <!---->\r\n    <div class=\"h-section-grid-container h-section-boxed-container\">\r\n      <!---->\r\n      <div data-colibri-id=\"780-c19\" class=\"h-row-container gutters-row-lg-2 gutters-row-md-2 gutters-row-0 gutters-row-v-lg-2 gutters-row-v-md-2 gutters-row-v-2 style-528 style-local-780-c19 position-relative\">\r\n        <!---->\r\n        <div class=\"h-row justify-content-lg-center justify-content-md-center justify-content-center align-items-lg-stretch align-items-md-stretch align-items-stretch gutters-col-lg-2 gutters-col-md-2 gutters-col-0 gutters-col-v-lg-2 gutters-col-v-md-2 gutters-col-v-2\">\r\n          <!---->\r\n          <div class=\"h-column h-column-container d-flex h-col-lg-auto h-col-md-auto h-col-auto style-529-outer style-local-780-c20-outer\">\r\n            <div data-colibri-id=\"780-c20\" class=\"d-flex h-flex-basis h-column__inner h-px-lg-2 h-px-md-2 h-px-2 v-inner-lg-2 v-inner-md-2 v-inner-2 style-529 style-local-780-c20 position-relative\">\r\n              <!---->\r\n              <!---->\r\n              <div class=\"w-100 h-y-container h-column__content h-column__v-align flex-basis-100 align-self-lg-start align-self-md-start align-self-start\">\r\n                <!---->\r\n                <div data-colibri-id=\"780-c21\" class=\"d-block style-530 style-local-780-c21 position-relative h-element\">\r\n                  <!---->\r\n                  <div class=\"h-image__frame-container-outer\">\r\n                    <div class=\"h-image__frame-container\">\r\n                      <!---->\r\n                      <!---->\r\n                      <img loading=\"lazy\" decoding=\"async\" width=\"1074\" height=\"766\" src=\"http:\/\/rnt.ro\/wp-content\/uploads\/2023\/08\/cropped-harta-acoperire-rnt.png\" class=\"wp-image-788 style-530-image style-local-780-c21-image\" alt=\"\" srcset=\"https:\/\/rnt.ro\/wp-content\/uploads\/2023\/08\/cropped-harta-acoperire-rnt.png 1074w, https:\/\/rnt.ro\/wp-content\/uploads\/2023\/08\/cropped-harta-acoperire-rnt-300x214.png 300w, https:\/\/rnt.ro\/wp-content\/uploads\/2023\/08\/cropped-harta-acoperire-rnt-1024x730.png 1024w, https:\/\/rnt.ro\/wp-content\/uploads\/2023\/08\/cropped-harta-acoperire-rnt-768x548.png 768w\" sizes=\"auto, (max-width: 1074px) 100vw, 1074px\" \/>\r\n                      <div class=\"h-image__frame h-hide-lg h-hide-md h-hide-sm style-530-frameImage style-local-780-c21-frameImage\"><\/div>\r\n                    <\/div>\r\n                  <\/div>\r\n                <\/div>\r\n              <\/div>\r\n            <\/div>\r\n          <\/div>\r\n        <\/div>\r\n      <\/div>\r\n    <\/div>\r\n  <\/div>\r\n<\/div>","protected":false},"excerpt":{"rendered":"<p>Reteaua de fibra optica Clien\u021bii de toate dimensiunile din diverse sectoare de afaceri beneficiaz\u0103 de serviciile pe care le suport\u0103 re\u021beaua noastr\u0103, cu cele mai \u00eenalte standarde de performan\u021b\u0103, laten\u021b\u0103 \u0219i securitate ale industriei. Re\u021beaua RNT este \u00een continu\u0103 cre\u0219tere \u0219i evolu\u021bie. Amploarea, acoperirea \u0219i capacitatea re\u021belei unui furnizor sunt factori cheie atunci c\u00e2nd se [&hellip;]<\/p>\n","protected":false},"author":1,"featured_media":0,"parent":0,"menu_order":0,"comment_status":"closed","ping_status":"closed","template":"page-templates\/full-width-page.php","meta":{"footnotes":""},"class_list":["post-780","page","type-page","status-publish","hentry"],"_links":{"self":[{"href":"https:\/\/rnt.ro\/index.php\/wp-json\/wp\/v2\/pages\/780","targetHints":{"allow":["GET"]}}],"collection":[{"href":"https:\/\/rnt.ro\/index.php\/wp-json\/wp\/v2\/pages"}],"about":[{"href":"https:\/\/rnt.ro\/index.php\/wp-json\/wp\/v2\/types\/page"}],"author":[{"embeddable":true,"href":"https:\/\/rnt.ro\/index.php\/wp-json\/wp\/v2\/users\/1"}],"replies":[{"embeddable":true,"href":"https:\/\/rnt.ro\/index.php\/wp-json\/wp\/v2\/comments?post=780"}],"version-history":[{"count":7,"href":"https:\/\/rnt.ro\/index.php\/wp-json\/wp\/v2\/pages\/780\/revisions"}],"predecessor-version":[{"id":806,"href":"https:\/\/rnt.ro\/index.php\/wp-json\/wp\/v2\/pages\/780\/revisions\/806"}],"wp:attachment":[{"href":"https:\/\/rnt.ro\/index.php\/wp-json\/wp\/v2\/media?parent=780"}],"curies":[{"name":"wp","href":"https:\/\/api.w.org\/{rel}","templated":true}]}}