{"id":301,"date":"2023-03-05T16:55:10","date_gmt":"2023-03-05T16:55:10","guid":{"rendered":"https:\/\/rnt.ro\/?page_id=301"},"modified":"2023-03-05T17:31:52","modified_gmt":"2023-03-05T17:31:52","slug":"piata-telecomunicatiilor-este-amenintata-de-disparitia-operatorilor-mici","status":"publish","type":"page","link":"https:\/\/rnt.ro\/index.php\/piata-telecomunicatiilor-este-amenintata-de-disparitia-operatorilor-mici\/","title":{"rendered":"<strong>Pia\u021ba telecomunica\u021biilor este amenin\u021bat\u0103 de dispari\u021bia operatorilor mici<\/strong>"},"content":{"rendered":"\n<p>Odat\u0103 cu apari\u021bia internetului, serviciile de telecomunica\u021bii au luat \u0219i ele amploare. Iar toate acestea s-au transformat \u00een adev\u0103rate beneficii pentru oamenii de r\u00e2nd. De exemplu, afacerile au \u00eenceput s\u0103 aib\u0103 contact cu metode mai avansate de dezvoltare iar angaja\u021bii s-au bucurat de posibilitatea de a-\u0219i \u00eendeplini diferite sarcini de lucru mai facil si\/sau de a-\u0219i desf\u0103\u0219ura activitatea \u020bn afara biroului sau chiar de acas\u0103.<\/p>\n\n\n\n<p>Studiul ANCOM a scos la iveal\u0103 c\u0103, digitalizarea a dus telefoanele de ultim\u0103 genera\u021bie \u00een topul celor mai c\u0103utate \u0219i utilizate dispozitive de pretutindeni, dar \u0219i faptul c\u0103 serviciile mobile de telecomunica\u021bii asociate cu acestea sunt la mare cautare. Cele mai utilizate sunt serviciile de voce mobile (100% din responden\u021bi), urmat de serviciile de televiziune (96%) \u0219i internet fix (91%).<\/p>\n\n\n\n<p>Legat de serviciile de internet fix, gradul de utilizare \u020bn func\u021bie de v\u0203rst\u01ce este de 81% pentru cei \u020bntre 16 \u0219i 24 ani \u0219i de 95% pentru cei \u020bntre 35-44 ani. Cei cu venituri de sub 3.000 lei pe gospod\u01cerie \u020bl folosesc \u020bn propor\u021bie de 11%, respectiv 98 % pentru cei cu venituri mai mari<\/p>\n\n\n\n<p>Dac\u0103 e s\u0103 vorbim de operatori, \u020bn acest moment pe pia\u021b\u01ce avem 3 operatori na\u021bionali \u0219i c\u0203\u021biva operatori locali, topul operatorilor fiind condus de c\u01cetre DIGI (RCS&amp;RDS care a preluat AKTA), urmat de c\u0103tre cei de la Orange (care au preluat Romtelecom) \u0219i cei de la Vodafone (care au preluat UPC). Analiz\u0203nd rezultatele studiului, reprezentan\u021bii asocia\u021biei InterLAN \u020b\u0219i pun \u020bntrebarea dac\u01ce pia\u021ba telecomunica\u021biilor mai e sau nu o pia\u021b\u0103 concuren\u021bial\u0103.<\/p>\n\n\n\n<p><\/p>\n\n\n\n<h2 class=\"wp-block-heading\">Care au fost obiectivele studiului ANCOM?<\/h2>\n\n\n\n<p>Studiul cantitativ ANCOM a fost finalizat la sf\u00e2r\u0219itul anului 2022 \u0219i a cuprins analiza tuturor celor 8 regiuni principale din Rom\u00e2nia, inclusiv \u00een Bucure\u0219ti, mediul rural \u0219i ora\u0219ele cu o popula\u021bie mai mic\u0103 de 50.000 locuitori dar peste 20.000 oameni. Au r\u0103spuns invita\u021biei de participare 1494 indivizi din minimul de 1489 oameni propu\u0219i ini\u021bial, cu v\u00e2rsta cuprins\u0103 \u00eentre 16-65 ani.<\/p>\n\n\n\n<p>Ace\u0219tia au vorbit prin intermediul sondajului online de opinie despre rela\u021bia \u0219i gradul de satisfac\u021bie privind serviciile de telecomunica\u021bii utilizate \u00een gospod\u0103riile lor, de la telefonia mobil\u0103, internetul \u0219i telefonia fix\u0103, precum \u0219i p\u0203n\u01ce la serviciile de transmisie TV, la baza criteriului de selec\u021bie fiind desigur, pre\u021bul acestora.<\/p>\n\n\n\n<p>Tot prin acest studiu s-au analizat \u0219i tendin\u021bele de consum \u00een ultimele 12 luni raportate la pre\u021bul acestora, precum \u0219i gradul de utilizare al principalelor servicii de telecomunica\u021bii, astfel \u00eenc\u00e2t s\u0103 se poat\u0103 stabili care este condi\u021bia actual\u0103 pe pia\u021ba concuren\u021bial\u0103 \u0219i principalele probleme cu care se confrunt\u0103 furnizorii de servicii.<\/p>\n\n\n\n<p>De exemplu, dac\u0103 este de apreciat faptul c\u0103 la 30 iunie 2020 num\u0103rul de abona\u021bi la serviciile TV cu cablu digital era egal cu cei care beneficiau de cablu analog. \u00cen aceea\u0219i perioad\u0103 a anului 2022 ponderea utilizatorilor de cablu digital a urcat la 52%.<\/p>\n\n\n\n<p><\/p>\n\n\n\n<h2 class=\"wp-block-heading\">&nbsp;La ce concluzii s-a ajuns dup\u0103 studiul ANCOM &#8211; pia\u021ba&nbsp; telecomunica\u021biilor e \u00een sc\u0103dere<\/h2>\n\n\n\n<p>Rezultatele studiului ANCOM au ar\u0103tat c\u0103 cele mai solicitate \u0219i utilizate servicii sunt cele de telefonie mobil\u0103 care permit utilizatorilor s\u0103 efectueze apeluri sau s\u0103-\u0219i desf\u0103\u0219oare prin intermediul internetului inclus diferite task-uri (de la cele profesionale, p\u00e2n\u0103 la cele personale). Pentru serviciul de internet fix cel mai mentionat operator este DIGI (RCS&amp;RDS)\u00a0\u00a0 cu 69%, urmat de Orange\/Telekom cu 16%, Vodafone\/UPC cu 10% .iar restul de 5%\u00a0 au alt operator sau nu stiu cine este operatorul.<\/p>\n\n\n\n<p>La serviciul de televiziune situatia este aproximativ asemanatoare ca la serviciul de internet fix, astfel: DIGI (RCS&amp;RDS) cu 73%, Orange\/Telekom cu 16%, Vodafone\/UPC cu 11%, nu se spune nimic despre al\u021bi operatori.<\/p>\n\n\n\n<p>Criteriile de selec\u021bie ale furnizorului sunt \u201cpre\u021bul bun\u201d cu 44% si \u201coferta bun\u01ce\u201d cu 56%.<\/p>\n\n\n\n<p>Cifrele rezultate din raportul de cercetare sunt aproximativ asem\u01cen\u01cetoare cu cele din rapoartele ANCOM la data de 30.06.2022, astfel:<\/p>\n\n\n\n<ul class=\"wp-block-list\">\n<li>pentru serviciul de internet fix, pia\u021ba este \u020bmp\u01cer\u021bit\u01ce astfel: DIGI (RCS&amp;RDS) cu 64.5%, Orange\/Telekom cu 21.4%, Vodafone\/UPC cu 11.7%, al\u021bi operatori cu 2.3%&nbsp; &nbsp;<\/li>\n<\/ul>\n\n\n\n<figure class=\"wp-block-image size-full is-resized\"><img loading=\"lazy\" decoding=\"async\" src=\"https:\/\/rnt.ro\/wp-content\/uploads\/2023\/03\/image.png\" alt=\"\" class=\"wp-image-302\" width=\"811\" height=\"326\" srcset=\"https:\/\/rnt.ro\/wp-content\/uploads\/2023\/03\/image.png 554w, https:\/\/rnt.ro\/wp-content\/uploads\/2023\/03\/image-300x121.png 300w\" sizes=\"auto, (max-width: 811px) 100vw, 811px\" \/><\/figure>\n\n\n\n<ul class=\"wp-block-list\">\n<li>pentru serviciul retrasmisie programe TV de DIGI (RCS&amp;RDS) cu 67%, Orange\/Tekelom cu 15.4%. Vodafone\/UPC cu 11.1%, al\u021bi operatori cu 6.4%<\/li>\n<\/ul>\n\n\n\n<figure class=\"wp-block-image is-resized\"><img loading=\"lazy\" decoding=\"async\" src=\"https:\/\/mail.rnt.ro\/?_task=mail&amp;_action=get&amp;_mbox=Sent&amp;_uid=100&amp;_token=bue9WkY4AVXyemNvxeStlqGscwGBTY4v&amp;_part=1.2.3&amp;_embed=1&amp;_mimeclass=image\" alt=\"\" width=\"828\" height=\"342\"\/><\/figure>\n\n\n\n<p>Astel, consideram ca se prefigureaz\u01ce un operator dominant pe pia\u021ba serviciilor fixe.<\/p>\n\n\n\n<p>&nbsp;&nbsp; Acest lucru diminueaz\u0103 gradul de competitivitate \u00eendeosebi pentru operatorii mici care au dificult\u0103\u021bi \u00een a se dezvolta \u0219i a se extinde, dar care pot fi pentru unii utilizatori singura op\u021biune de acces la servicii moderne de telecomunica\u021bii \u00een zona lor de re\u0219edin\u021b\u0103.<\/p>\n\n\n\n<p>Devine \u0219i principalul semnal de alarm\u0103 constatat de c\u0103tre reprezentantul RNT, rom\u00e2nii fiind mai cu seam\u0103 axa\u021bi pe servicii c\u00e2t mai variate la pre\u021buri c\u00e2t mai mici, \u00een detrimentul vitezei la internet sau a calit\u0103\u021bii de care beneficiaz\u0103.<\/p>\n\n\n\n<p>Strategia operatorului dominant pare s\u0103 fie una atractiv\u0103 \u0219i ofertant\u0103 pentru utilizatori la momentul actual, av\u00e2nd cele mai mici pre\u021buri pentru toate categoriile de servicii, at\u0203t fixe c\u0203t \u0219i mobile.<\/p>\n\n\n\n<p>Indiferent de zona geografic\u0103 sau de venituri, 100% dintre participan\u021bi de\u021bin servicii mobile, acestea devenind \u0219i un criteriu de selec\u021bie al operatorului de servicii fixe, peste 70% de\u021bin servicii fixe \u0219i mobile de la acela\u0219i operator. Prin urmare, prezen\u021ba serviciilor mobile devine obligatorie \u020bn oferta oric\u01cerui operator, din p\u01cecate serviciile mobile sunt accesibile doar operatorilor na\u021bionali, dat fiind condi\u021biile de licen\u021biere. De aici putem deduce c\u0103, \u00een viitorul apropiat, lipsa unor m\u0103suri de echilibrare a pie\u021bei poate duce la dispari\u021bia altor furnizori mici de telecomunica\u021bii care ocup\u0103 \u00een prezent o pondere na\u021bional\u0103 de doar 2% pe l\u00e2ng\u0103 operatoratorii na\u021bionali, ceea ce se poate reflecta negativ \u020bn calitatea serviciilor oferite c\u0103tre utilizatorii finali.<\/p>\n\n\n\n<p>\u00centr-o pia\u021b\u0103 \u00een care un furnizor preia controlul, acesta poate ajunge inclusiv s\u0103 stabileasc\u0103 regulile \u00een folosul propriu, duc\u00e2nd la falimentul \u0219i dec\u0103derea celor mici. Astfel, societatea r\u0103m\u00e2ne cu pu\u021bine op\u021biuni din care poate alege \u0219i pot ap\u0103rea inclusiv scumpiri ale pre\u021burilor sau diminu\u0103ri ale calit\u0103\u021bii serviciilor, a\u0219a cum s-a \u00eent\u00e2mplat de exemplu, pe pia\u021ba energiei \u0219i a combustibililor.<\/p>\n\n\n\n<p>Tinerii \u0219i adul\u021bii sunt tot mai \u00eenc\u00e2nta\u021bi s\u0103 beneficieze de servicii ample de telecomunica\u021bii care \u00eei ajut\u0103 s\u0103 se destind\u0103 \u0219i s\u0103-\u0219i simplifice activit\u0103\u021bile uzuale. Dat fiind migrarea majorit\u0103\u021bii c\u0103tre operatorul dominant, furnizorii mici se v\u0103d nevoi\u021bi s\u0103 limiteze serviciile \u0219i\/sau s\u0103 creasc\u0103 pre\u021bul pachetelor oferite, determin\u00e2nd implicit sc\u0103derea marjei de profit, ceea ce le afecteaz\u0103 pozi\u021bia \u00een pia\u021b\u0103.<\/p>\n\n\n\n<p>RNT este de p\u0103rere c\u0103 ar trebui luate o serie de m\u0103suri de protec\u021bie \u0219i stimulare a competitivit\u01ce\u021bii pentru a evita dispari\u021bia pie\u021bei concuren\u021biale, c\u00e2t \u0219i pentru a preveni ca acest lucru s\u0103 se reflecte negativ \u020bn experien\u021ba consumatorilor finali.<\/p>\n\n\n\n<p>Documentele care au stat la baza analizei pot fi consultate pe site-ul ANCOM la adresele:<\/p>\n\n\n\n<ul class=\"wp-block-list\">\n<li>Raport de date statistice privind serviciile de comunica\u0163ii electronice, semestrul I 2022 &#8211; https:\/\/statistica.ancom.ro\/sscpds\/public\/files\/255_ro<\/li>\n\n\n\n<li>Raport de cercetare cantitativ\u0103 &#8211; https:\/\/statistica.ancom.ro\/sscpds\/public\/files\/260_ro<\/li>\n<\/ul>\n\n\n\n<p><\/p>\n\n\n\n<p><\/p>\n","protected":false},"excerpt":{"rendered":"<p>Odat\u0103 cu apari\u021bia internetului, serviciile de telecomunica\u021bii au luat \u0219i ele amploare. Iar toate acestea s-au transformat \u00een adev\u0103rate beneficii pentru oamenii de r\u00e2nd. De exemplu, afacerile au \u00eenceput s\u0103 aib\u0103 contact cu metode mai avansate de dezvoltare iar angaja\u021bii s-au bucurat de posibilitatea de a-\u0219i \u00eendeplini diferite sarcini de lucru mai facil si\/sau de [&hellip;]<\/p>\n","protected":false},"author":1,"featured_media":0,"parent":0,"menu_order":0,"comment_status":"closed","ping_status":"closed","template":"page-full.php","meta":{"footnotes":""},"class_list":["post-301","page","type-page","status-publish","hentry"],"_links":{"self":[{"href":"https:\/\/rnt.ro\/index.php\/wp-json\/wp\/v2\/pages\/301","targetHints":{"allow":["GET"]}}],"collection":[{"href":"https:\/\/rnt.ro\/index.php\/wp-json\/wp\/v2\/pages"}],"about":[{"href":"https:\/\/rnt.ro\/index.php\/wp-json\/wp\/v2\/types\/page"}],"author":[{"embeddable":true,"href":"https:\/\/rnt.ro\/index.php\/wp-json\/wp\/v2\/users\/1"}],"replies":[{"embeddable":true,"href":"https:\/\/rnt.ro\/index.php\/wp-json\/wp\/v2\/comments?post=301"}],"version-history":[{"count":0,"href":"https:\/\/rnt.ro\/index.php\/wp-json\/wp\/v2\/pages\/301\/revisions"}],"wp:attachment":[{"href":"https:\/\/rnt.ro\/index.php\/wp-json\/wp\/v2\/media?parent=301"}],"curies":[{"name":"wp","href":"https:\/\/api.w.org\/{rel}","templated":true}]}}