{"id":289,"date":"2023-03-05T11:57:07","date_gmt":"2023-03-05T11:57:07","guid":{"rendered":"https:\/\/rnt.ro\/?page_id=289"},"modified":"2026-05-01T20:16:04","modified_gmt":"2026-05-01T20:16:04","slug":"wifi6","status":"publish","type":"page","link":"https:\/\/rnt.ro\/index.php\/wifi6\/","title":{"rendered":"<strong>Wireless la puterea a 6-a WIFI6<\/strong>"},"content":{"rendered":"\n<figure class=\"wp-block-image size-full is-style-default\"><img loading=\"lazy\" decoding=\"async\" width=\"1775\" height=\"981\" src=\"https:\/\/rnt.ro\/wp-content\/uploads\/2023\/03\/Router-wireless-TP-LINK-Archer-AX23-AX1800-Dual-Band-Wi-Fi-6-Gigabit-Dual-Core-CPU-OFDMA-WPA3-Access-Point-Mode-IPv6-Supported-IPTV0.png\" alt=\"\" class=\"wp-image-290\" srcset=\"https:\/\/rnt.ro\/wp-content\/uploads\/2023\/03\/Router-wireless-TP-LINK-Archer-AX23-AX1800-Dual-Band-Wi-Fi-6-Gigabit-Dual-Core-CPU-OFDMA-WPA3-Access-Point-Mode-IPv6-Supported-IPTV0.png 1775w, https:\/\/rnt.ro\/wp-content\/uploads\/2023\/03\/Router-wireless-TP-LINK-Archer-AX23-AX1800-Dual-Band-Wi-Fi-6-Gigabit-Dual-Core-CPU-OFDMA-WPA3-Access-Point-Mode-IPv6-Supported-IPTV0-300x166.png 300w, https:\/\/rnt.ro\/wp-content\/uploads\/2023\/03\/Router-wireless-TP-LINK-Archer-AX23-AX1800-Dual-Band-Wi-Fi-6-Gigabit-Dual-Core-CPU-OFDMA-WPA3-Access-Point-Mode-IPv6-Supported-IPTV0-1024x566.png 1024w, https:\/\/rnt.ro\/wp-content\/uploads\/2023\/03\/Router-wireless-TP-LINK-Archer-AX23-AX1800-Dual-Band-Wi-Fi-6-Gigabit-Dual-Core-CPU-OFDMA-WPA3-Access-Point-Mode-IPv6-Supported-IPTV0-768x424.png 768w, https:\/\/rnt.ro\/wp-content\/uploads\/2023\/03\/Router-wireless-TP-LINK-Archer-AX23-AX1800-Dual-Band-Wi-Fi-6-Gigabit-Dual-Core-CPU-OFDMA-WPA3-Access-Point-Mode-IPv6-Supported-IPTV0-1536x849.png 1536w\" sizes=\"auto, (max-width: 1775px) 100vw, 1775px\" \/><\/figure>\n\n\n\n<p>Pentru a beneficia de cea mai bun\u0103 experien\u021b\u0103 WIFI ai nevoie de un router pe m\u0103sur\u0103 si de serviciul de internet de la RNT.<\/p>\n\n\n\n<p>\ud835\udc16\ud835\udc22-\ud835\udc05\ud835\udc22 \ud835\udfd4 \ud835\udc03\ud835\udc2e\ud835\udc1a\ud835\udc25-\ud835\udc01\ud835\udc1a\ud835\udc27\ud835\udc1d &#8211; 1201 Mbps \u00een banda de 5 GHz \u0219i 574 Mbps \u00een banda de 2.4 GHz, asigur\u00e2nd streaming eficient \u0219i viteze mari de desc\u0103rcare.<\/p>\n\n\n\n<p><a><\/a>\ud835\udc00\ud835\udc1c\ud835\udc28\ud835\udc29\ud835\udc1e\ud835\udc2b\ud835\udc22\ud835\udc2b\ud835\udc1e \ud835\udc16\ud835\udc22-\ud835\udc05\ud835\udc22 \ud835\udc1e\ud835\udc31\ud835\udc2d\ud835\udc22\ud835\udc27\ud835\udc2c\ud835\udc1a\u0306 &#8211; 4\u00d7 antene externe \u0219i tehnologia Beamforming lucreaz\u0103 \u00eempreun\u0103 pentru a oferi un semnal Wi-Fi puternic \u0219i stabil \u00een locuin\u021b\u0103.<\/p>\n\n\n\n<p>\ud835\udc16\ud835\udc0f\ud835\udc00\ud835\udfd1 &#8211; \u00cembun\u0103t\u0103\u021be\u0219te securitatea cibernetic\u0103 ale re\u021belelor personale. Criptarea asigur\u0103 siguran\u021ba parolei Wi-Fi \u0219i protec\u021bia \u00eembun\u0103t\u0103\u021bit\u0103 \u00eempotriva atacurilor Brute-Force<\/p>\n\n\n\n<p>\ud835\udc13\ud835\udc1e\ud835\udc21\ud835\udc27\ud835\udc28\ud835\udc25\ud835\udc28\ud835\udc20\ud835\udc22\ud835\udc1e \ud835\udc0e\ud835\udc27\ud835\udc1e\ud835\udc0c\ud835\udc1e\ud835\udc2c\ud835\udc21\ud835\udc13\ud835\udc0c &#8211; Se poate crea o re\u021bea o re\u021bea Mesh extins\u0103 al\u0103turi de alte dispozitive TP-Link compatibile cu tehnologia OneMeshTM.<\/p>\n","protected":false},"excerpt":{"rendered":"<p>Pentru a beneficia de cea mai bun\u0103 experien\u021b\u0103 WIFI ai nevoie de un router pe m\u0103sur\u0103 si de serviciul de internet de la RNT. \ud835\udc16\ud835\udc22-\ud835\udc05\ud835\udc22 \ud835\udfd4 \ud835\udc03\ud835\udc2e\ud835\udc1a\ud835\udc25-\ud835\udc01\ud835\udc1a\ud835\udc27\ud835\udc1d &#8211; 1201 Mbps \u00een banda de 5 GHz \u0219i 574 Mbps \u00een banda de 2.4 GHz, asigur\u00e2nd streaming eficient \u0219i viteze mari de desc\u0103rcare. \ud835\udc00\ud835\udc1c\ud835\udc28\ud835\udc29\ud835\udc1e\ud835\udc2b\ud835\udc22\ud835\udc2b\ud835\udc1e \ud835\udc16\ud835\udc22-\ud835\udc05\ud835\udc22 \ud835\udc1e\ud835\udc31\ud835\udc2d\ud835\udc22\ud835\udc27\ud835\udc2c\ud835\udc1a\u0306 &#8211; [&hellip;]<\/p>\n","protected":false},"author":1,"featured_media":0,"parent":0,"menu_order":0,"comment_status":"closed","ping_status":"closed","template":"","meta":{"footnotes":""},"class_list":["post-289","page","type-page","status-publish","hentry"],"_links":{"self":[{"href":"https:\/\/rnt.ro\/index.php\/wp-json\/wp\/v2\/pages\/289","targetHints":{"allow":["GET"]}}],"collection":[{"href":"https:\/\/rnt.ro\/index.php\/wp-json\/wp\/v2\/pages"}],"about":[{"href":"https:\/\/rnt.ro\/index.php\/wp-json\/wp\/v2\/types\/page"}],"author":[{"embeddable":true,"href":"https:\/\/rnt.ro\/index.php\/wp-json\/wp\/v2\/users\/1"}],"replies":[{"embeddable":true,"href":"https:\/\/rnt.ro\/index.php\/wp-json\/wp\/v2\/comments?post=289"}],"version-history":[{"count":0,"href":"https:\/\/rnt.ro\/index.php\/wp-json\/wp\/v2\/pages\/289\/revisions"}],"wp:attachment":[{"href":"https:\/\/rnt.ro\/index.php\/wp-json\/wp\/v2\/media?parent=289"}],"curies":[{"name":"wp","href":"https:\/\/api.w.org\/{rel}","templated":true}]}}