{"id":1328,"date":"2026-05-10T08:07:42","date_gmt":"2026-05-10T08:07:42","guid":{"rendered":"https:\/\/rnt.ro\/?page_id=1328"},"modified":"2026-05-10T08:54:17","modified_gmt":"2026-05-10T08:54:17","slug":"asistenta-parinti","status":"publish","type":"page","link":"https:\/\/rnt.ro\/index.php\/asistenta-parinti\/","title":{"rendered":"Asistenta parinti"},"content":{"rendered":"<div data-colibri-id=\"1328-c1\" class=\"style-692 style-local-1328-c1 position-relative\">\n  <!---->\n  <div data-colibri-component=\"section\" data-colibri-id=\"1328-c2\" id=\"features\" class=\"h-section h-section-global-spacing d-flex align-items-lg-center align-items-md-center align-items-center style-693 style-local-1328-c2 position-relative\">\n    <!---->\n    <!---->\n    <div class=\"h-section-grid-container h-section-boxed-container\">\n      <!---->\n      <div data-colibri-id=\"1328-c34\" class=\"h-row-container gutters-row-lg-2 gutters-row-md-2 gutters-row-0 gutters-row-v-lg-2 gutters-row-v-md-2 gutters-row-v-2 style-704 style-local-1328-c34 position-relative\">\n        <!---->\n        <div class=\"h-row justify-content-lg-center justify-content-md-center justify-content-center align-items-lg-stretch align-items-md-stretch align-items-stretch gutters-col-lg-2 gutters-col-md-2 gutters-col-0 gutters-col-v-lg-2 gutters-col-v-md-2 gutters-col-v-2\">\n          <!---->\n          <div class=\"h-column h-column-container d-flex h-col-lg-auto h-col-md-auto h-col-auto style-705-outer style-local-1328-c35-outer\">\n            <div data-colibri-id=\"1328-c35\" class=\"d-flex h-flex-basis h-column__inner h-px-lg-2 h-px-md-2 h-px-2 v-inner-lg-2 v-inner-md-2 v-inner-2 style-705 style-local-1328-c35 position-relative\">\n              <!---->\n              <!---->\n              <div class=\"w-100 h-y-container h-column__content h-column__v-align flex-basis-100 align-self-lg-start align-self-md-start align-self-start\">\n                <!---->\n                <div data-colibri-id=\"1328-c37\" class=\"h-global-transition-all h-heading style-706 style-local-1328-c37 position-relative h-element\">\n                  <!---->\n                  <div class=\"h-heading__outer style-706 style-local-1328-c37\">\n                    <!---->\n                    <!---->\n                    <h1 class=\"\">Ce beneficii ai cu pachetul \u201eAsisten\u021b\u0103 P\u0103rin\u021bi\u201d<\/h1>\n                  <\/div>\n                <\/div>\n              <\/div>\n            <\/div>\n          <\/div>\n        <\/div>\n      <\/div>\n      <div data-colibri-id=\"1328-c3\" class=\"h-row-container gutters-row-lg-2 gutters-row-md-0 gutters-row-2 gutters-row-v-lg-2 gutters-row-v-md-0 gutters-row-v-2 style-694 style-local-1328-c3 position-relative\">\n        <!---->\n        <div class=\"h-row justify-content-lg-center justify-content-md-center justify-content-center align-items-lg-stretch align-items-md-stretch align-items-stretch gutters-col-lg-2 gutters-col-md-0 gutters-col-2 gutters-col-v-lg-2 gutters-col-v-md-0 gutters-col-v-2\">\n          <!---->\n          <div class=\"h-column h-column-container d-flex h-col-lg-auto h-col-md-auto h-col-auto style-695-outer style-local-1328-c4-outer\">\n            <div data-colibri-id=\"1328-c4\" class=\"d-flex h-flex-basis h-column__inner h-px-lg-0 h-px-md-0 h-px-0 v-inner-lg-0 v-inner-md-0 v-inner-0 style-695 style-local-1328-c4 position-relative\">\n              <!---->\n              <!---->\n              <div class=\"w-100 h-y-container h-column__content h-column__v-align flex-basis-100 align-self-lg-center align-self-md-center align-self-center\">\n                <!---->\n                <div data-colibri-id=\"1328-c5\" class=\"h-row-container gutters-row-lg-2 gutters-row-md-2 gutters-row-2 gutters-row-v-lg-0 gutters-row-v-md-0 gutters-row-v-2 style-696 style-local-1328-c5 position-relative\">\n                  <!---->\n                  <div class=\"h-row justify-content-lg-center justify-content-md-center justify-content-center align-items-lg-stretch align-items-md-stretch align-items-stretch gutters-col-lg-2 gutters-col-md-2 gutters-col-2 gutters-col-v-lg-0 gutters-col-v-md-0 gutters-col-v-2\">\n                    <!---->\n                    <div class=\"h-column h-column-container d-flex h-col-lg-12 h-col-md-12 h-col-12 style-697-outer style-local-1328-c6-outer\">\n                      <div data-colibri-id=\"1328-c6\" class=\"d-flex h-flex-basis h-column__inner h-px-lg-2 h-px-md-2 h-px-0 v-inner-lg-2 v-inner-md-2 v-inner-0 style-697 style-local-1328-c6 position-relative\">\n                        <!---->\n                        <!---->\n                        <div class=\"w-100 h-y-container h-column__content h-column__v-align flex-basis-100 align-self-lg-start align-self-md-start align-self-start\">\n                          <!---->\n                          <div data-colibri-id=\"1328-c23\" class=\"h-icon style-698 style-local-1328-c23 position-relative h-element\">\n                            <!----><span class=\"h-svg-icon h-icon__icon style-698-icon style-local-1328-c23-icon\"><!--Icon by Icons8 Line Awesome (https:\/\/icons8.com\/line-awesome)--><svg version=\"1.1\" xmlns=\"http:\/\/www.w3.org\/2000\/svg\" xmlns:xlink=\"http:\/\/www.w3.org\/1999\/xlink\" id=\"group\" viewBox=\"0 0 512 545.5\"><path d=\"M128 144c52.83 0 96 43.17 96 96 0 31.74-15.602 60-39.5 77.5 23.336 11.593 42.876 29.785 55.5 52.5 12.624-22.715 32.164-40.907 55.5-52.5C271.602 300 256 271.74 256 240c0-52.83 43.17-96 96-96s96 43.17 96 96c0 31.74-15.602 60-39.5 77.5C450.7 338.465 480 381.827 480 432h-32c0-53.21-42.79-96-96-96s-96 42.79-96 96h-32c0-53.21-42.79-96-96-96s-96 42.79-96 96H0c0-50.173 29.3-93.535 71.5-114.5C47.602 300 32 271.74 32 240c0-52.83 43.17-96 96-96zm0 32c-35.536 0-64 28.464-64 64s28.464 64 64 64 64-28.464 64-64-28.464-64-64-64zm224 0c-35.536 0-64 28.464-64 64s28.464 64 64 64 64-28.464 64-64-28.464-64-64-64z\"><\/path><\/svg><\/span><\/div>\n                          <div\n                            data-colibri-id=\"1328-c8\" class=\"h-global-transition-all h-heading style-699 style-local-1328-c8 position-relative h-element\">\n                            <!---->\n                            <div class=\"h-heading__outer style-699 style-local-1328-c8\">\n                              <!---->\n                              <!---->\n                              <h4 class=\"\">Grija pentru cei apropiati<\/h4>\n                            <\/div>\n                        <\/div>\n                      <\/div>\n                    <\/div>\n                  <\/div>\n                  <div class=\"h-column h-column-container d-flex h-col-lg-12 h-col-md-12 h-col-12 style-697-outer style-local-1328-c10-outer\">\n                    <div data-colibri-id=\"1328-c10\" class=\"d-flex h-flex-basis h-column__inner h-px-lg-2 h-px-md-2 h-px-0 v-inner-lg-2 v-inner-md-2 v-inner-0 style-697 style-local-1328-c10 position-relative\">\n                      <!---->\n                      <!---->\n                      <div class=\"w-100 h-y-container h-column__content h-column__v-align flex-basis-100 align-self-lg-start align-self-md-start align-self-start\">\n                        <!---->\n                        <div data-colibri-id=\"1328-c9\" class=\"h-text h-text-component style-700 style-local-1328-c9 position-relative h-element\">\n                          <!---->\n                          <!---->\n                          <div class=\"\">\n                            <p>\u00ce\u021bi faci griji pentru p\u0103rin\u021bii sau bunicii t\u0103i care locuiesc singuri?\n                              <br>.<\/p>\n                          <\/div>\n                        <\/div>\n                        <div data-colibri-id=\"1328-c11\" class=\"h-icon style-698 style-local-1328-c11 position-relative h-element\">\n                          <!----><span class=\"h-svg-icon h-icon__icon style-698-icon style-local-1328-c11-icon\"><!--Icon by Icons8 Line Awesome (https:\/\/icons8.com\/line-awesome)--><svg version=\"1.1\" xmlns=\"http:\/\/www.w3.org\/2000\/svg\" xmlns:xlink=\"http:\/\/www.w3.org\/1999\/xlink\" id=\"bank\" viewBox=\"0 0 512 545.5\"><path d=\"M256 94.5l6 2.5 192 80 10 4.5V224h-32v176h32v80H48v-80h32V224H48v-42.5l10-4.5 192-80zm0 35L106 192h300zM112 224v176h32V224h-32zm64 0v176h32V224h-32zm64 0v176h32V224h-32zm64 0v176h32V224h-32zm64 0v176h32V224h-32zM80 432v16h352v-16H80z\"><\/path><\/svg><\/span><\/div>\n                        <div\n                          data-colibri-id=\"1328-c12\" class=\"h-global-transition-all h-heading style-699 style-local-1328-c12 position-relative h-element\">\n                          <!---->\n                          <div class=\"h-heading__outer style-699 style-local-1328-c12\">\n                            <!---->\n                            <!---->\n                            <h4 class=\"\">Siguranta locuintei<\/h4>\n                          <\/div>\n                      <\/div>\n                      <div data-colibri-id=\"1328-c13\" class=\"h-text h-text-component style-700 style-local-1328-c13 position-relative h-element\">\n                        <!---->\n                        <!---->\n                        <div class=\"\">\n                          <p><span style=\"font-weight: 400; font-size: 16px; font-family: quote-cjk-patch, Inter, system-ui, -apple-system, BlinkMacSystemFont, &quot;Segoe UI&quot;, Roboto, Oxygen, Ubuntu, Cantarell, &quot;Open Sans&quot;, &quot;Helvetica Neue&quot;, sans-serif; color: rgb(15, 17, 21);\">Vrei s\u0103 \u00ee\u021bi supraveghezi casa atunci c\u00e2nd e\u0219ti plecat, dar f\u0103r\u0103 proceduri complicate?<\/span>.<\/p>\n                        <\/div>\n                      <\/div>\n                    <\/div>\n                  <\/div>\n                <\/div>\n                <div class=\"h-column h-column-container d-flex h-col-lg-12 h-col-md-12 h-col-12 style-697-outer style-local-1328-c14-outer\">\n                  <div data-colibri-id=\"1328-c14\" class=\"d-flex h-flex-basis h-column__inner h-px-lg-2 h-px-md-2 h-px-0 v-inner-lg-2 v-inner-md-2 v-inner-0 style-697 style-local-1328-c14 position-relative\">\n                    <!---->\n                    <!---->\n                    <div class=\"w-100 h-y-container h-column__content h-column__v-align flex-basis-100 align-self-lg-start align-self-md-start align-self-start\">\n                      <!---->\n                      <div data-colibri-id=\"1328-c15\" class=\"h-icon style-698 style-local-1328-c15 position-relative h-element\">\n                        <!----><span class=\"h-svg-icon h-icon__icon style-698-icon style-local-1328-c15-icon\"><!--Icon by Icons8 Line Awesome (https:\/\/icons8.com\/line-awesome)--><svg version=\"1.1\" xmlns=\"http:\/\/www.w3.org\/2000\/svg\" xmlns:xlink=\"http:\/\/www.w3.org\/1999\/xlink\" id=\"pagelines\" viewBox=\"0 0 512 545.5\"><path d=\"M241.5 96s61.5 19.88 61.5 71c0 23.55-7.816 41.514-13.5 52 .93 20.555.293 41.76-2.5 63 3.693-12.454 13.096-39.608 31-56 28.384-25.968 80.5-18.5 80.5-18.5s4.992 28.996-26 60.5c-30.186 30.684-83.694 21.03-86.5 20.5-3.964 26.39-11.18 52.395-21.5 76.5 12.91-17.148 40.978-47 78.5-47 39.632 0 65.5 21.5 65.5 21.5s-23.176 58.5-75 58.5c-46.87 0-70.602-16.662-75-20-1.657 3.346-3.202 6.755-5 10-29.338 52.968-78.852 92-150 92v-16c65.412 0 108.683-34.18 136-83.5.54-.974.974-2.015 1.5-3-9.54 4.327-26.05 10-51 10-61.456-.016-80.5-68.5-80.5-68.5s29.704-19.584 61-16c53.34 6.096 71.736 42.33 77.5 60 10.65-23.807 17.995-50.244 22-77-8.692 2.116-25.625 5.055-51 .5-39.632-7.104-63.928-35.912-69-73 0 0 37.756-13.72 67.5-3 30.606 11.027 47.126 42.485 54.5 60.5 1.642-15.68 1.977-31.258 1.5-46.5-14.61-8.438-41.062-28.31-45.5-60-5.84-41.904 13.5-68.5 13.5-68.5z\"><\/path><\/svg><\/span><\/div>\n                      <div\n                        data-colibri-id=\"1328-c16\" class=\"h-global-transition-all h-heading style-699 style-local-1328-c16 position-relative h-element\">\n                        <!---->\n                        <div class=\"h-heading__outer style-699 style-local-1328-c16\">\n                          <!---->\n                          <!---->\n                          <h4 class=\"\">Control de la disntanta<\/h4>\n                        <\/div>\n                    <\/div>\n                    <div data-colibri-id=\"1328-c17\" class=\"h-text h-text-component style-700 style-local-1328-c17 position-relative h-element\">\n                      <!---->\n                      <!---->\n                      <div class=\"\">\n                        <p><span style=\"font-weight: 400; font-size: 15px; font-family: quote-cjk-patch, Inter, system-ui, -apple-system, BlinkMacSystemFont, &quot;Segoe UI&quot;, Roboto, Oxygen, Ubuntu, Cantarell, &quot;Open Sans&quot;, &quot;Helvetica Neue&quot;, sans-serif; color: rgb(15, 17, 21);\">&nbsp; &nbsp; &nbsp; &nbsp; &nbsp; Porne\u0219ti sau opre\u0219ti un aparat electric, f\u0103r\u0103 s\u0103 fii acolo.<\/span><\/p>\n                      <\/div>\n                    <\/div>\n                  <\/div>\n                <\/div>\n              <\/div>\n            <\/div>\n          <\/div>\n        <\/div>\n      <\/div>\n    <\/div>\n    <div class=\"h-column h-column-container d-flex h-col-lg-auto h-col-md-auto h-col-auto style-701-outer style-local-1328-c18-outer\">\n      <div data-colibri-id=\"1328-c18\" class=\"d-flex h-flex-basis h-column__inner h-px-lg-0 h-px-md-0 h-px-0 v-inner-lg-0 v-inner-md-0 v-inner-0 style-701 style-local-1328-c18 position-relative\">\n        <!---->\n        <!---->\n        <div class=\"w-100 h-y-container h-column__content h-column__v-align flex-basis-100 align-self-lg-center align-self-md-center align-self-center\">\n          <!---->\n          <div data-colibri-id=\"1328-c19\" class=\"d-block style-702 style-local-1328-c19 position-relative h-element\">\n            <!---->\n            <div class=\"h-image__frame-container-outer\">\n              <div class=\"h-image__frame-container\">\n                <!---->\n                <!---->\n                <img loading=\"lazy\" decoding=\"async\" width=\"1052\" height=\"1210\" src=\"http:\/\/rnt.ro\/wp-content\/uploads\/2026\/05\/cropped-oferta-asistenta-parinti.png\" class=\"wp-image-1332 style-702-image style-local-1328-c19-image\" alt=\"\" srcset=\"https:\/\/rnt.ro\/wp-content\/uploads\/2026\/05\/cropped-oferta-asistenta-parinti.png 1052w, https:\/\/rnt.ro\/wp-content\/uploads\/2026\/05\/cropped-oferta-asistenta-parinti-261x300.png 261w, https:\/\/rnt.ro\/wp-content\/uploads\/2026\/05\/cropped-oferta-asistenta-parinti-890x1024.png 890w, https:\/\/rnt.ro\/wp-content\/uploads\/2026\/05\/cropped-oferta-asistenta-parinti-768x883.png 768w\" sizes=\"auto, (max-width: 1052px) 100vw, 1052px\" \/>\n                <div class=\"h-image__frame h-hide-lg h-hide-md h-hide-sm style-702-frameImage style-local-1328-c19-frameImage\"><\/div>\n              <\/div>\n            <\/div>\n          <\/div>\n        <\/div>\n      <\/div>\n    <\/div>\n    <div class=\"h-column h-column-container d-flex h-col-lg-auto h-col-md-auto h-col-auto style-695-outer style-local-1328-c20-outer\">\n      <div data-colibri-id=\"1328-c20\" class=\"d-flex h-flex-basis h-column__inner h-px-lg-0 h-px-md-0 h-px-0 v-inner-lg-0 v-inner-md-0 v-inner-0 style-695 style-local-1328-c20 position-relative\">\n        <!---->\n        <!---->\n        <div class=\"w-100 h-y-container h-column__content h-column__v-align flex-basis-100 align-self-lg-center align-self-md-center align-self-center\">\n          <!---->\n          <div data-colibri-id=\"1328-c21\" class=\"h-row-container gutters-row-lg-2 gutters-row-md-2 gutters-row-2 gutters-row-v-lg-0 gutters-row-v-md-0 gutters-row-v-2 style-696 style-local-1328-c21 position-relative\">\n            <!---->\n            <div class=\"h-row justify-content-lg-center justify-content-md-center justify-content-center align-items-lg-stretch align-items-md-stretch align-items-stretch gutters-col-lg-2 gutters-col-md-2 gutters-col-2 gutters-col-v-lg-0 gutters-col-v-md-0 gutters-col-v-2\">\n              <!---->\n              <div class=\"h-column h-column-container d-flex h-col-lg-12 h-col-md-12 h-col-12 style-703-outer style-local-1328-c22-outer\">\n                <div data-colibri-id=\"1328-c22\" class=\"d-flex h-flex-basis h-column__inner h-px-lg-2 h-px-md-2 h-px-2 v-inner-lg-2 v-inner-md-2 v-inner-2 style-703 style-local-1328-c22 position-relative\">\n                  <!---->\n                  <!---->\n                  <div class=\"w-100 h-y-container h-column__content h-column__v-align flex-basis-100 align-self-lg-start align-self-md-start align-self-start\">\n                    <!---->\n                    <div data-colibri-id=\"1328-c36\" class=\"h-icon style-698 style-local-1328-c36 position-relative h-element\">\n                      <!----><span class=\"h-svg-icon h-icon__icon style-698-icon style-local-1328-c36-icon\"><!--Icon by Icons8 Line Awesome (https:\/\/icons8.com\/line-awesome)--><svg version=\"1.1\" xmlns=\"http:\/\/www.w3.org\/2000\/svg\" xmlns:xlink=\"http:\/\/www.w3.org\/1999\/xlink\" id=\"area-chart\" viewBox=\"0 0 512 545.5\"><path d=\"M448 97v383H64V204.5l19 4 73 14.5 91-60.5 5.5-3.5 6 1 89.5 15 74-58zm-32 65.5l-54 42-5.5 4.5-7-1-90-15-90.5 60.5-5.5 3.5-6.5-1.5-61-12V309l62 25 89-59.5 6.5-4 7.5 2.5 87.5 29 67.5-53.5v-86zm0 127l-54 43-7 5.5-8-3-88-29.5-90 60-7 4.5-8-3-58-23v104h320V289.5z\"><\/path><\/svg><\/span><\/div>\n                    <div\n                      data-colibri-id=\"1328-c24\" class=\"h-global-transition-all h-heading style-699 style-local-1328-c24 position-relative h-element\">\n                      <!---->\n                      <div class=\"h-heading__outer style-699 style-local-1328-c24\">\n                        <!---->\n                        <!---->\n                        <h4 class=\"\">Siguran\u021b\u0103 pentru cei dragi<\/h4>\n                      <\/div>\n                  <\/div>\n                  <div data-colibri-id=\"1328-c25\" class=\"h-text h-text-component style-700 style-local-1328-c25 position-relative h-element\">\n                    <!---->\n                    <!---->\n                    <div class=\"\">\n                      <p><span style=\"font-weight: 400; font-size: 15px; font-family: quote-cjk-patch, Inter, system-ui, -apple-system, BlinkMacSystemFont, &quot;Segoe UI&quot;, Roboto, Oxygen, Ubuntu, Cantarell, &quot;Open Sans&quot;, &quot;Helvetica Neue&quot;, sans-serif; color: rgb(15, 17, 21);\">Vezi \u00een timp real ce se \u00eent\u00e2mpl\u0103 acas\u0103<\/span><\/p>\n                    <\/div>\n                  <\/div>\n                <\/div>\n              <\/div>\n            <\/div>\n            <div class=\"h-column h-column-container d-flex h-col-lg-12 h-col-md-12 h-col-12 style-703-outer style-local-1328-c26-outer\">\n              <div data-colibri-id=\"1328-c26\" class=\"d-flex h-flex-basis h-column__inner h-px-lg-2 h-px-md-2 h-px-2 v-inner-lg-2 v-inner-md-2 v-inner-2 style-703 style-local-1328-c26 position-relative\">\n                <!---->\n                <!---->\n                <div class=\"w-100 h-y-container h-column__content h-column__v-align flex-basis-100 align-self-lg-start align-self-md-start align-self-start\">\n                  <!---->\n                  <div data-colibri-id=\"1328-c27\" class=\"h-icon style-698 style-local-1328-c27 position-relative h-element\">\n                    <!----><span class=\"h-svg-icon h-icon__icon style-698-icon style-local-1328-c27-icon\"><!--Icon by Icons8 Line Awesome (https:\/\/icons8.com\/line-awesome)--><svg version=\"1.1\" xmlns=\"http:\/\/www.w3.org\/2000\/svg\" xmlns:xlink=\"http:\/\/www.w3.org\/1999\/xlink\" id=\"suitcase\" viewBox=\"0 0 512 545.5\"><path d=\"M224 80h64c17.49 0 32 14.51 32 32v16h48v-16h32v16h32c17.49 0 32 14.51 32 32v256c0 17.49-14.51 32-32 32H80c-17.49 0-32-14.51-32-32V160c0-17.49 14.51-32 32-32h32v-16h32v16h48v-16c0-17.49 14.51-32 32-32zm0 32v16h64v-16h-64zM80 160v256h32V176h32v240h224V176h32v240h32V160H80z\"><\/path><\/svg><\/span><\/div>\n                  <div\n                    data-colibri-id=\"1328-c28\" class=\"h-global-transition-all h-heading style-699 style-local-1328-c28 position-relative h-element\">\n                    <!---->\n                    <div class=\"h-heading__outer style-699 style-local-1328-c28\">\n                      <!---->\n                      <!---->\n                      <h4 class=\"\">Control de la distan\u021b\u0103<\/h4>\n                    <\/div>\n                <\/div>\n                <div data-colibri-id=\"1328-c29\" class=\"h-text h-text-component style-700 style-local-1328-c29 position-relative h-element\">\n                  <!---->\n                  <!---->\n                  <div class=\"\">\n                    <p><span style=\"font-weight: 400; font-size: 15px; font-family: quote-cjk-patch, Inter, system-ui, -apple-system, BlinkMacSystemFont, &quot;Segoe UI&quot;, Roboto, Oxygen, Ubuntu, Cantarell, &quot;Open Sans&quot;, &quot;Helvetica Neue&quot;, sans-serif; color: rgb(15, 17, 21);\">Porne\u0219ti sau opre\u0219ti un aparat electric, f\u0103r\u0103 s\u0103 fii acolo<\/span><\/p>\n                  <\/div>\n                <\/div>\n              <\/div>\n            <\/div>\n          <\/div>\n          <div class=\"h-column h-column-container d-flex h-col-lg-12 h-col-md-12 h-col-12 style-703-outer style-local-1328-c30-outer\">\n            <div data-colibri-id=\"1328-c30\" class=\"d-flex h-flex-basis h-column__inner h-px-lg-2 h-px-md-2 h-px-2 v-inner-lg-2 v-inner-md-2 v-inner-2 style-703 style-local-1328-c30 position-relative\">\n              <!---->\n              <!---->\n              <div class=\"w-100 h-y-container h-column__content h-column__v-align flex-basis-100 align-self-lg-start align-self-md-start align-self-start\">\n                <!---->\n                <div data-colibri-id=\"1328-c31\" class=\"h-icon style-698 style-local-1328-c31 position-relative h-element\">\n                  <!----><span class=\"h-svg-icon h-icon__icon style-698-icon style-local-1328-c31-icon\"><!--Icon by Icons8 Line Awesome (https:\/\/icons8.com\/line-awesome)--><svg version=\"1.1\" xmlns=\"http:\/\/www.w3.org\/2000\/svg\" xmlns:xlink=\"http:\/\/www.w3.org\/1999\/xlink\" id=\"bar-chart\" viewBox=\"0 0 512 545.5\"><path d=\"M336 96h128v384H336V96zm32 32v320h64V128h-64zM48 192h128v288H48V192zm32 32v224h64V224H80zm112 64h128v192H192V288zm32 32v128h64V320h-64z\"><\/path><\/svg><\/span><\/div>\n                <div\n                  data-colibri-id=\"1328-c32\" class=\"h-global-transition-all h-heading style-699 style-local-1328-c32 position-relative h-element\">\n                  <!---->\n                  <div class=\"h-heading__outer style-699 style-local-1328-c32\">\n                    <!---->\n                    <!---->\n                    <h4 class=\"\">Notific\u0103ri \u00een timp real<\/h4>\n                  <\/div>\n              <\/div>\n              <div data-colibri-id=\"1328-c33\" class=\"h-text h-text-component style-700 style-local-1328-c33 position-relative h-element\">\n                <!---->\n                <!---->\n                <div class=\"\">\n                  <p><span style=\"font-weight: 400; font-size: 15px; font-family: quote-cjk-patch, Inter, system-ui, -apple-system, BlinkMacSystemFont, &quot;Segoe UI&quot;, Roboto, Oxygen, Ubuntu, Cantarell, &quot;Open Sans&quot;, &quot;Helvetica Neue&quot;, sans-serif; color: rgb(15, 17, 21);\">E\u0219ti anun\u021bat imediat la orice mi\u0219care sau eveniment<\/span><\/p>\n                <\/div>\n              <\/div>\n            <\/div>\n          <\/div>\n        <\/div>\n      <\/div>\n    <\/div>\n  <\/div>\n<\/div>\n<\/div>\n<\/div>\n<\/div>\n<\/div>\n<\/div>\n<\/div>","protected":false},"excerpt":{"rendered":"<p>Ce beneficii ai cu pachetul \u201eAsisten\u021b\u0103 P\u0103rin\u021bi\u201d Grija pentru cei apropiati \u00ce\u021bi faci griji pentru p\u0103rin\u021bii sau bunicii t\u0103i care locuiesc singuri? . Siguranta locuintei Vrei s\u0103 \u00ee\u021bi supraveghezi casa atunci c\u00e2nd e\u0219ti plecat, dar f\u0103r\u0103 proceduri complicate?. Control de la disntanta &nbsp; &nbsp; &nbsp; &nbsp; &nbsp; Porne\u0219ti sau opre\u0219ti un aparat electric, f\u0103r\u0103 s\u0103 [&hellip;]<\/p>\n","protected":false},"author":1,"featured_media":0,"parent":0,"menu_order":0,"comment_status":"closed","ping_status":"closed","template":"page-templates\/full-width-page.php","meta":{"footnotes":""},"class_list":["post-1328","page","type-page","status-publish","hentry"],"_links":{"self":[{"href":"https:\/\/rnt.ro\/index.php\/wp-json\/wp\/v2\/pages\/1328","targetHints":{"allow":["GET"]}}],"collection":[{"href":"https:\/\/rnt.ro\/index.php\/wp-json\/wp\/v2\/pages"}],"about":[{"href":"https:\/\/rnt.ro\/index.php\/wp-json\/wp\/v2\/types\/page"}],"author":[{"embeddable":true,"href":"https:\/\/rnt.ro\/index.php\/wp-json\/wp\/v2\/users\/1"}],"replies":[{"embeddable":true,"href":"https:\/\/rnt.ro\/index.php\/wp-json\/wp\/v2\/comments?post=1328"}],"version-history":[{"count":4,"href":"https:\/\/rnt.ro\/index.php\/wp-json\/wp\/v2\/pages\/1328\/revisions"}],"predecessor-version":[{"id":1348,"href":"https:\/\/rnt.ro\/index.php\/wp-json\/wp\/v2\/pages\/1328\/revisions\/1348"}],"wp:attachment":[{"href":"https:\/\/rnt.ro\/index.php\/wp-json\/wp\/v2\/media?parent=1328"}],"curies":[{"name":"wp","href":"https:\/\/api.w.org\/{rel}","templated":true}]}}