{"id":1047,"date":"2024-09-02T08:41:34","date_gmt":"2024-09-02T08:41:34","guid":{"rendered":"https:\/\/rnt.ro\/?page_id=1047"},"modified":"2025-04-15T16:15:09","modified_gmt":"2025-04-15T16:15:09","slug":"rnt-asigura-conexiunea-la-internet-si-transmisia-pe-radio-zu-pentru-cel-mai-mare-concert-din-romania-forza-zu-la-maramu","status":"publish","type":"page","link":"https:\/\/rnt.ro\/index.php\/rnt-asigura-conexiunea-la-internet-si-transmisia-pe-radio-zu-pentru-cel-mai-mare-concert-din-romania-forza-zu-la-maramu\/","title":{"rendered":"RNT asigur\u0103 conexiunea la internet \u0219i transmisia pe Radio ZU pentru cel mai mare concert din Rom\u00e2nia: Forza ZU la Maramu"},"content":{"rendered":"<div data-colibri-id=\"1047-c1\" class=\"style-629 style-local-1047-c1 position-relative\">\r\n  <!---->\r\n  <div data-colibri-component=\"section\" data-colibri-id=\"1047-c2\" id=\"initial-content\" class=\"h-section h-section-global-spacing d-flex align-items-lg-center align-items-md-center align-items-center style-630 style-local-1047-c2 position-relative\">\r\n    <!---->\r\n    <!---->\r\n    <div class=\"h-section-grid-container h-section-boxed-container\">\r\n      <!---->\r\n      <div data-colibri-id=\"1047-c3\" class=\"h-row-container gutters-row-lg-2 gutters-row-md-2 gutters-row-0 gutters-row-v-lg-2 gutters-row-v-md-2 gutters-row-v-2 style-635 style-local-1047-c3 position-relative\">\r\n        <!---->\r\n        <div class=\"h-row justify-content-lg-center justify-content-md-center justify-content-center align-items-lg-stretch align-items-md-stretch align-items-stretch gutters-col-lg-2 gutters-col-md-2 gutters-col-0 gutters-col-v-lg-2 gutters-col-v-md-2 gutters-col-v-2\">\r\n          <!---->\r\n          <div class=\"h-column h-column-container d-flex h-col-lg-auto h-col-md-auto h-col-auto style-636-outer style-local-1047-c4-outer\">\r\n            <div data-colibri-id=\"1047-c4\" class=\"d-flex h-flex-basis h-column__inner h-px-lg-2 h-px-md-2 h-px-2 v-inner-lg-2 v-inner-md-2 v-inner-2 style-636 style-local-1047-c4 position-relative\">\r\n              <!---->\r\n              <!---->\r\n              <div class=\"w-100 h-y-container h-column__content h-column__v-align flex-basis-100 align-self-lg-start align-self-md-start align-self-start\">\r\n                <!---->\r\n                <div data-colibri-id=\"1047-c5\" class=\"d-block style-638 style-local-1047-c5 position-relative h-element\">\r\n                  <!---->\r\n                  <div class=\"h-image__frame-container-outer\">\r\n                    <div class=\"h-image__frame-container\">\r\n                      <!---->\r\n                      <!---->\r\n                      <img loading=\"lazy\" decoding=\"async\" width=\"1920\" height=\"1080\" src=\"http:\/\/rnt.ro\/wp-content\/uploads\/2025\/04\/Forza-Zu-Baia-Mare-1.jpg\" class=\"wp-image-1131 style-638-image style-local-1047-c5-image\" alt=\"\" \/>\r\n                      <div class=\"h-image__frame h-hide-lg h-hide-md h-hide-sm style-638-frameImage style-local-1047-c5-frameImage\"><\/div>\r\n                    <\/div>\r\n                  <\/div>\r\n                <\/div>\r\n              <\/div>\r\n            <\/div>\r\n          <\/div>\r\n        <\/div>\r\n      <\/div>\r\n      <div data-colibri-id=\"1047-c6\" class=\"h-row-container gutters-row-lg-2 gutters-row-md-2 gutters-row-0 gutters-row-v-lg-2 gutters-row-v-md-2 gutters-row-v-2 style-631 style-local-1047-c6 position-relative\">\r\n        <!---->\r\n        <div class=\"h-row justify-content-lg-center justify-content-md-center justify-content-center align-items-lg-stretch align-items-md-stretch align-items-stretch gutters-col-lg-2 gutters-col-md-2 gutters-col-0 gutters-col-v-lg-2 gutters-col-v-md-2 gutters-col-v-2\">\r\n          <!---->\r\n          <div class=\"h-column h-column-container d-flex h-col-lg-auto h-col-md-auto h-col-auto style-632-outer style-local-1047-c7-outer\">\r\n            <div data-colibri-id=\"1047-c7\" class=\"d-flex h-flex-basis h-column__inner h-px-lg-2 h-px-md-2 h-px-2 v-inner-lg-2 v-inner-md-2 v-inner-2 style-632 style-local-1047-c7 position-relative\">\r\n              <!---->\r\n              <!---->\r\n              <div class=\"w-100 h-y-container h-column__content h-column__v-align flex-basis-100 align-self-lg-start align-self-md-start align-self-start\">\r\n                <!---->\r\n                <div data-colibri-id=\"1047-c8\" class=\"h-text h-text-component style-644 style-local-1047-c8 position-relative h-element\">\r\n                  <!---->\r\n                  <!---->\r\n                  <div class=\"\">\r\n                    <p>\u00cen cadrul celui mai mare eveniment muzical din Rom\u00e2nia, Forza ZU editia 2024, care a avut loc pe Aeroportul Interna\u021bional Maramure\u0219, RNT a jucat un rol esen\u021bial \u00een asigurarea conexiunii la internet \u0219i a transmisiei pe Radio ZU cat\r\n                      si pe retelele de socializare. Acest eveniment a reunit mii de fani din \u00eentreaga \u021bar\u0103, fiind unul dintre cele mai a\u0219teptate concerte ale anului.<\/p>\r\n                    <p>\r\n                      <br>\r\n                    <\/p>\r\n                    <p><strong>Conexiune Stabil\u0103 \u0219i Rapid\u0103<\/strong><\/p>\r\n                    <p>\r\n                      <br>\r\n                    <\/p>\r\n                    <p>Pentru a sus\u021bine un eveniment de o asemenea amploare, RNT a implementat o infrastructur\u0103 robust\u0103 de internet de mare vitez\u0103, esen\u021bial\u0103 at\u00e2t pentru organizatori, c\u00e2t \u0219i pentru participan\u021bi. Aceast\u0103 conexiune a permis realizarea transmisiunilor\r\n                      live de pe scen\u0103, actualizarea \u00een timp real a re\u021belelor sociale \u0219i asigurarea unei experien\u021be digitale pentru to\u021bi cei prezen\u021bi, acoperind nevoile tehnice \u0219i de comunicare ale echipelor de produc\u021bie \u0219i comercian\u021bilor.<\/p>\r\n                  <\/div>\r\n                <\/div>\r\n              <\/div>\r\n            <\/div>\r\n          <\/div>\r\n        <\/div>\r\n      <\/div>\r\n      <div data-colibri-id=\"1047-c9\" class=\"h-row-container gutters-row-lg-2 gutters-row-md-2 gutters-row-0 gutters-row-v-lg-2 gutters-row-v-md-2 gutters-row-v-2 style-639 style-local-1047-c9 position-relative\">\r\n        <!---->\r\n        <div class=\"h-row justify-content-lg-center justify-content-md-center justify-content-center align-items-lg-stretch align-items-md-stretch align-items-stretch gutters-col-lg-2 gutters-col-md-2 gutters-col-0 gutters-col-v-lg-2 gutters-col-v-md-2 gutters-col-v-2\">\r\n          <!---->\r\n          <div class=\"h-column h-column-container d-flex h-col-lg-auto h-col-md-auto h-col-auto style-640-outer style-local-1047-c10-outer\">\r\n            <div data-colibri-id=\"1047-c10\" class=\"d-flex h-flex-basis h-column__inner h-px-lg-2 h-px-md-2 h-px-2 v-inner-lg-2 v-inner-md-2 v-inner-2 style-640 style-local-1047-c10 position-relative\">\r\n              <!---->\r\n              <!---->\r\n              <div class=\"w-100 h-y-container h-column__content h-column__v-align flex-basis-100 align-self-lg-start align-self-md-start align-self-start\">\r\n                <!---->\r\n                <div data-colibri-id=\"1047-c11\" class=\"d-block style-645 style-local-1047-c11 position-relative h-element\">\r\n                  <!---->\r\n                  <div class=\"h-image__frame-container-outer\">\r\n                    <div class=\"h-image__frame-container\">\r\n                      <!---->\r\n                      <!---->\r\n                      <img loading=\"lazy\" decoding=\"async\" width=\"5254\" height=\"3504\" src=\"http:\/\/rnt.ro\/wp-content\/uploads\/2024\/09\/cropped-Fzu2024-echipa.png\" class=\"wp-image-1053 style-645-image style-local-1047-c11-image\" alt=\"\" srcset=\"https:\/\/rnt.ro\/wp-content\/uploads\/2024\/09\/cropped-Fzu2024-echipa.png 5254w, https:\/\/rnt.ro\/wp-content\/uploads\/2024\/09\/cropped-Fzu2024-echipa-300x200.png 300w, https:\/\/rnt.ro\/wp-content\/uploads\/2024\/09\/cropped-Fzu2024-echipa-1024x683.png 1024w, https:\/\/rnt.ro\/wp-content\/uploads\/2024\/09\/cropped-Fzu2024-echipa-768x512.png 768w, https:\/\/rnt.ro\/wp-content\/uploads\/2024\/09\/cropped-Fzu2024-echipa-1536x1024.png 1536w, https:\/\/rnt.ro\/wp-content\/uploads\/2024\/09\/cropped-Fzu2024-echipa-2048x1366.png 2048w\" sizes=\"auto, (max-width: 5254px) 100vw, 5254px\" \/>\r\n                      <div class=\"h-image__frame h-hide-lg h-hide-md h-hide-sm style-645-frameImage style-local-1047-c11-frameImage\"><\/div>\r\n                    <\/div>\r\n                  <\/div>\r\n                <\/div>\r\n              <\/div>\r\n            <\/div>\r\n          <\/div>\r\n        <\/div>\r\n      <\/div>\r\n      <div data-colibri-id=\"1047-c12\" class=\"h-row-container gutters-row-lg-2 gutters-row-md-2 gutters-row-0 gutters-row-v-lg-2 gutters-row-v-md-2 gutters-row-v-2 style-642 style-local-1047-c12 position-relative\">\r\n        <!---->\r\n        <div class=\"h-row justify-content-lg-center justify-content-md-center justify-content-center align-items-lg-stretch align-items-md-stretch align-items-stretch gutters-col-lg-2 gutters-col-md-2 gutters-col-0 gutters-col-v-lg-2 gutters-col-v-md-2 gutters-col-v-2\">\r\n          <!---->\r\n          <div class=\"h-column h-column-container d-flex h-col-lg-auto h-col-md-auto h-col-auto style-643-outer style-local-1047-c13-outer\">\r\n            <div data-colibri-id=\"1047-c13\" class=\"d-flex h-flex-basis h-column__inner h-px-lg-2 h-px-md-2 h-px-2 v-inner-lg-2 v-inner-md-2 v-inner-2 style-643 style-local-1047-c13 position-relative\">\r\n              <!---->\r\n              <!---->\r\n              <div class=\"w-100 h-y-container h-column__content h-column__v-align flex-basis-100 align-self-lg-start align-self-md-start align-self-start\">\r\n                <!---->\r\n                <div data-colibri-id=\"1047-c14\" class=\"h-text h-text-component style-646 style-local-1047-c14 position-relative h-element\">\r\n                  <!---->\r\n                  <!---->\r\n                  <div class=\"\">\r\n                    <p><strong>Transmisiune pe Radio ZU si re\u021bele de socializare<\/strong><\/p>\r\n                    <p>\r\n                      <br>\r\n                    <\/p>\r\n                    <p>RNT a asigurat \u0219i transmisia live pe Radio ZU, permi\u021b\u00e2nd milioanelor de ascult\u0103tori din \u021bar\u0103 s\u0103 tr\u0103iasc\u0103 emo\u021bia evenimentului \u00een timp real. Cu ajutorul unei echipe dedicate si ambi\u021bioase, RNT a facilitat transmiterea concertului, de\r\n                      la primele acorduri p\u00e2n\u0103 la finalul grandios. Aceasta a inclus nu doar muzica live, dar \u0219i interven\u021biile DJ-ilor de la Radio ZU, care au comentat \u0219i au \u00eentre\u021binut atmosfera pe toat\u0103 durata evenimentului.<\/p>\r\n                    <p>\r\n                      <br>\r\n                    <\/p>\r\n                  <\/div>\r\n                <\/div>\r\n              <\/div>\r\n            <\/div>\r\n          <\/div>\r\n        <\/div>\r\n      <\/div>\r\n      <div data-colibri-id=\"1047-c15\" class=\"h-row-container gutters-row-lg-2 gutters-row-md-2 gutters-row-0 gutters-row-v-lg-2 gutters-row-v-md-2 gutters-row-v-2 style-648 style-local-1047-c15 position-relative\">\r\n        <!---->\r\n        <div class=\"h-row justify-content-lg-center justify-content-md-center justify-content-center align-items-lg-stretch align-items-md-stretch align-items-stretch gutters-col-lg-2 gutters-col-md-2 gutters-col-0 gutters-col-v-lg-2 gutters-col-v-md-2 gutters-col-v-2\">\r\n          <!---->\r\n          <div class=\"h-column h-column-container d-flex h-col-lg-auto h-col-md-auto h-col-auto style-649-outer style-local-1047-c16-outer\">\r\n            <div data-colibri-id=\"1047-c16\" class=\"d-flex h-flex-basis h-column__inner h-px-lg-2 h-px-md-2 h-px-2 v-inner-lg-2 v-inner-md-2 v-inner-2 style-649 style-local-1047-c16 position-relative\">\r\n              <!---->\r\n              <!---->\r\n              <div class=\"w-100 h-y-container h-column__content h-column__v-align flex-basis-100 align-self-lg-start align-self-md-start align-self-start\">\r\n                <!---->\r\n                <div data-colibri-id=\"1047-c17\" class=\"d-block style-652 style-local-1047-c17 position-relative h-element\">\r\n                  <!---->\r\n                  <div class=\"h-image__frame-container-outer\">\r\n                    <div class=\"h-image__frame-container\">\r\n                      <!---->\r\n                      <!---->\r\n                      <img loading=\"lazy\" decoding=\"async\" width=\"577\" height=\"692\" src=\"http:\/\/rnt.ro\/wp-content\/uploads\/2024\/09\/cropped-I-love-RNT-si-scena.png\" class=\"wp-image-1055 style-652-image style-local-1047-c17-image\" alt=\"\" srcset=\"https:\/\/rnt.ro\/wp-content\/uploads\/2024\/09\/cropped-I-love-RNT-si-scena.png 577w, https:\/\/rnt.ro\/wp-content\/uploads\/2024\/09\/cropped-I-love-RNT-si-scena-250x300.png 250w\" sizes=\"auto, (max-width: 577px) 100vw, 577px\" \/>\r\n                      <div class=\"h-image__frame h-hide-lg h-hide-md h-hide-sm style-652-frameImage style-local-1047-c17-frameImage\"><\/div>\r\n                    <\/div>\r\n                  <\/div>\r\n                <\/div>\r\n              <\/div>\r\n            <\/div>\r\n          <\/div>\r\n          <div class=\"h-column h-column-container d-flex h-col-lg-auto h-col-md-auto h-col-auto style-650-outer style-local-1047-c18-outer\">\r\n            <div data-colibri-id=\"1047-c18\" class=\"d-flex h-flex-basis h-column__inner h-px-lg-2 h-px-md-2 h-px-2 v-inner-lg-2 v-inner-md-2 v-inner-2 style-650 style-local-1047-c18 position-relative\">\r\n              <!---->\r\n              <!---->\r\n              <div class=\"w-100 h-y-container h-column__content h-column__v-align flex-basis-100 align-self-lg-start align-self-md-start align-self-start\">\r\n                <!---->\r\n                <div data-colibri-id=\"1047-c19\" class=\"h-text h-text-component style-651 style-local-1047-c19 position-relative h-element\">\r\n                  <!---->\r\n                  <!---->\r\n                  <div class=\"\">\r\n                    <p><strong>Un Parteneriat de Succes<\/strong><\/p>\r\n                    <p>\r\n                      <br>\r\n                    <\/p>\r\n                    <p>Colaborarea dintre RNT \u0219i Radio ZU pentru Forza ZU 2024 demonstreaz\u0103 importan\u021ba infrastructurii de telecomunica\u021bii \u00eentr-un eveniment de aceast\u0103 dimensiune. Acest parteneriat nu doar c\u0103 a asigurat o experien\u021b\u0103 f\u0103r\u0103 precedent pentru\r\n                      fanii muzicii, dar a \u0219i eviden\u021biat capacitatea tehnologic\u0103 a RNT de a sus\u021bine cele mai mari evenimente din Rom\u00e2nia.<\/p>\r\n                    <p><strong>Forza ZU 2024<\/strong> a fost un succes r\u0103sun\u0103tor, iar RNT a avut un rol \u00een acest succes, asigur\u00e2ndune c\u0103 at\u00e2t cei prezen\u021bi la eveniment, c\u00e2t \u0219i cei care l-au urm\u0103rit de la distan\u021b\u0103, au avut parte de o experien\u021b\u0103 memorabil\u0103.<\/p>\r\n                    <p>\u201d<strong>Peste 75.000 de inimi au b\u0103tut la unison la Forza ZU la Maramu<\/strong>\u2019! Ne-am bucurat cu to\u021bii de hiturile rom\u00e2ne\u0219ti \u0219i de arti\u0219tii care au performat de-a lungul acestei zile. Dragi b\u0103im\u0103reni, maramure\u0219eni \u0219i oaspe\u021bi, v\u0103\r\n                      mul\u021bumim pentru tot! Sunte\u021bi excep\u021bionali!\u201d, a spus Ionel Bogdan, pre\u0219edintele CJ Maramure\u0219.<\/p>\r\n                    <p>\r\n                      <br>\r\n                    <\/p>\r\n                  <\/div>\r\n                <\/div>\r\n              <\/div>\r\n            <\/div>\r\n          <\/div>\r\n        <\/div>\r\n      <\/div>\r\n    <\/div>\r\n  <\/div>\r\n<\/div>","protected":false},"excerpt":{"rendered":"<p>\u00cen cadrul celui mai mare eveniment muzical din Rom\u00e2nia, Forza ZU editia 2024, care a avut loc pe Aeroportul Interna\u021bional Maramure\u0219, RNT a jucat un rol esen\u021bial \u00een asigurarea conexiunii la internet \u0219i a transmisiei pe Radio ZU cat si pe retelele de socializare. Acest eveniment a reunit mii de fani din \u00eentreaga \u021bar\u0103, fiind [&hellip;]<\/p>\n","protected":false},"author":1,"featured_media":0,"parent":0,"menu_order":0,"comment_status":"closed","ping_status":"closed","template":"page-templates\/full-width-page.php","meta":{"footnotes":""},"class_list":["post-1047","page","type-page","status-publish","hentry"],"_links":{"self":[{"href":"https:\/\/rnt.ro\/index.php\/wp-json\/wp\/v2\/pages\/1047","targetHints":{"allow":["GET"]}}],"collection":[{"href":"https:\/\/rnt.ro\/index.php\/wp-json\/wp\/v2\/pages"}],"about":[{"href":"https:\/\/rnt.ro\/index.php\/wp-json\/wp\/v2\/types\/page"}],"author":[{"embeddable":true,"href":"https:\/\/rnt.ro\/index.php\/wp-json\/wp\/v2\/users\/1"}],"replies":[{"embeddable":true,"href":"https:\/\/rnt.ro\/index.php\/wp-json\/wp\/v2\/comments?post=1047"}],"version-history":[{"count":5,"href":"https:\/\/rnt.ro\/index.php\/wp-json\/wp\/v2\/pages\/1047\/revisions"}],"predecessor-version":[{"id":1137,"href":"https:\/\/rnt.ro\/index.php\/wp-json\/wp\/v2\/pages\/1047\/revisions\/1137"}],"wp:attachment":[{"href":"https:\/\/rnt.ro\/index.php\/wp-json\/wp\/v2\/media?parent=1047"}],"curies":[{"name":"wp","href":"https:\/\/api.w.org\/{rel}","templated":true}]}}