{"id":1001,"date":"2024-03-04T20:07:05","date_gmt":"2024-03-04T20:07:05","guid":{"rendered":"https:\/\/rnt.ro\/?page_id=1001"},"modified":"2025-04-15T16:15:01","modified_gmt":"2025-04-15T16:15:01","slug":"rnt-furnizorul-de-telecomunicatii-care-asigura-transmisiunea-pentru-radio-europa-fm-de-la-partia-bradu-din-poiana-brasov","status":"publish","type":"page","link":"https:\/\/rnt.ro\/index.php\/rnt-furnizorul-de-telecomunicatii-care-asigura-transmisiunea-pentru-radio-europa-fm-de-la-partia-bradu-din-poiana-brasov\/","title":{"rendered":"RNT asigur\u0103 transmisiunea pentru Radio Europa FM de la P\u00e2rtia Bradu din Poiana Bra\u0219ov"},"content":{"rendered":"<div data-colibri-id=\"1001-c1\" class=\"style-605 style-local-1001-c1 position-relative\">\r\n  <!---->\r\n  <div data-colibri-component=\"section\" data-colibri-id=\"1001-c2\" id=\"initial-content\" class=\"h-section h-section-global-spacing d-flex align-items-lg-center align-items-md-center align-items-center style-606 style-local-1001-c2 position-relative\">\r\n    <!---->\r\n    <!---->\r\n    <div class=\"h-section-grid-container h-section-boxed-container\">\r\n      <!---->\r\n      <div data-colibri-id=\"1001-c3\" class=\"h-row-container gutters-row-lg-2 gutters-row-md-2 gutters-row-0 gutters-row-v-lg-2 gutters-row-v-md-2 gutters-row-v-2 style-607 style-local-1001-c3 position-relative\">\r\n        <!---->\r\n        <div class=\"h-row justify-content-lg-center justify-content-md-center justify-content-center align-items-lg-stretch align-items-md-stretch align-items-stretch gutters-col-lg-2 gutters-col-md-2 gutters-col-0 gutters-col-v-lg-2 gutters-col-v-md-2 gutters-col-v-2\">\r\n          <!---->\r\n          <div class=\"h-column h-column-container d-flex h-col-lg-auto h-col-md-auto h-col-auto style-608-outer style-local-1001-c4-outer\">\r\n            <div data-colibri-id=\"1001-c4\" class=\"d-flex h-flex-basis h-column__inner h-px-lg-2 h-px-md-2 h-px-2 v-inner-lg-2 v-inner-md-2 v-inner-2 style-608 style-local-1001-c4 position-relative\">\r\n              <!---->\r\n              <!---->\r\n              <div class=\"w-100 h-y-container h-column__content h-column__v-align flex-basis-100 align-self-lg-start align-self-md-start align-self-start\">\r\n                <!---->\r\n                <div data-colibri-id=\"1001-c5\" class=\"h-text h-text-component style-616 style-local-1001-c5 position-relative h-element\">\r\n                  <!---->\r\n                  <!---->\r\n                  <div class=\"\">\r\n                    <p>\u00centr-o colaborare ce demonstreaz\u0103 angajamentul pentru tehnologie \u0219i inova\u021bie,\r\n                      <a href=\"https:\/\/www.facebook.com\/RNTRomania?__cft__%5B0%5D=AZWLn-QkkaXw8OudnQebIJlXNYG3tNIknsXe9y3gsmYg2DjP13x6rjIS0RxmHzuijDUKUWRuOHGgtBOPdeUoE7OMYM4Il0lT-pgwN9L8Jxam_AA0SJv4MF0DiEsTAQ4Q9RKul1TtwYhmQnFg9tnEoPoK&amp;__tn__=-%5DK-R\" style=\"font-weight: 400; color: var(--blue-link); font-family: inherit;\" class=\"customize-unpreviewable\" target=\"_blank\" rel=\"noopener\">RNT Romania<\/a>, un furnizor de telecomunica\u021bii de \u00eencredere, a asigurat transmisiunea pentru\r\n                      <a href=\"https:\/\/www.facebook.com\/europafmromania?__cft__%5B0%5D=AZWLn-QkkaXw8OudnQebIJlXNYG3tNIknsXe9y3gsmYg2DjP13x6rjIS0RxmHzuijDUKUWRuOHGgtBOPdeUoE7OMYM4Il0lT-pgwN9L8Jxam_AA0SJv4MF0DiEsTAQ4Q9RKul1TtwYhmQnFg9tnEoPoK&amp;__tn__=-%5DK-R\" style=\"font-weight: 400; color: var(--blue-link); font-family: inherit;\" class=\"customize-unpreviewable\" target=\"_blank\" rel=\"noopener\">Radio Europa FM<\/a> de la P\u00e2rtia Bradu din Poiana Bra\u0219ov. Aceast\u0103 ini\u021biativ\u0103 a avut un impact semnificativ asupra experien\u021bei ascult\u0103torilor, oferindu-le posibilitatea de a se bucura de muzic\u0103 \u0219i con\u021binut preferat chiar \u0219i \u00een timp\r\n                      ce se aflau pe p\u00e2rtie.<\/p>\r\n                    <p>P\u00e2rtia Bradu din Poiana Bra\u0219ov este una dintre destina\u021biile preferate pentru iubitorii de schi \u0219i snowboard din Rom\u00e2nia \u0219i din str\u0103in\u0103tate. Cu toate acestea, conectivitatea la internet \u0219i la re\u021belele de telecomunica\u021bii poate fi dificil\u0103\r\n                      \u00een aceste zone montane. Prin urmare, asigurarea unei transmisiuni de \u00eenalt\u0103 calitate pentru EuropaFM la P\u00e2rtia Bradu a reprezentat o provocare tehnic\u0103 \u0219i logistic\u0103.<\/p>\r\n                  <\/div>\r\n                <\/div>\r\n              <\/div>\r\n            <\/div>\r\n          <\/div>\r\n        <\/div>\r\n      <\/div>\r\n      <div data-colibri-id=\"1001-c6\" class=\"h-row-container gutters-row-lg-2 gutters-row-md-2 gutters-row-0 gutters-row-v-lg-2 gutters-row-v-md-2 gutters-row-v-2 style-610 style-local-1001-c6 position-relative\">\r\n        <!---->\r\n        <div class=\"h-row justify-content-lg-center justify-content-md-center justify-content-center align-items-lg-stretch align-items-md-stretch align-items-stretch gutters-col-lg-2 gutters-col-md-2 gutters-col-0 gutters-col-v-lg-2 gutters-col-v-md-2 gutters-col-v-2\">\r\n          <!---->\r\n          <div class=\"h-column h-column-container d-flex h-col-lg-auto h-col-md-auto h-col-auto style-611-outer style-local-1001-c7-outer\">\r\n            <div data-colibri-id=\"1001-c7\" class=\"d-flex h-flex-basis h-column__inner h-px-lg-2 h-px-md-2 h-px-2 v-inner-lg-2 v-inner-md-2 v-inner-2 style-611 style-local-1001-c7 position-relative\">\r\n              <!---->\r\n              <!---->\r\n              <div class=\"w-100 h-y-container h-column__content h-column__v-align flex-basis-100 align-self-lg-start align-self-md-start align-self-start\">\r\n                <!---->\r\n                <div data-colibri-id=\"1001-c8\" class=\"d-block style-613 style-local-1001-c8 position-relative h-element\">\r\n                  <!---->\r\n                  <div class=\"h-image__frame-container-outer\">\r\n                    <div class=\"h-image__frame-container\">\r\n                      <!---->\r\n                      <!---->\r\n                      <img loading=\"lazy\" decoding=\"async\" width=\"1880\" height=\"1895\" src=\"http:\/\/rnt.ro\/wp-content\/uploads\/2024\/03\/I-love-RNT-EFM.png\" class=\"wp-image-1010 style-613-image style-local-1001-c8-image\" alt=\"\" srcset=\"https:\/\/rnt.ro\/wp-content\/uploads\/2024\/03\/I-love-RNT-EFM.png 1880w, https:\/\/rnt.ro\/wp-content\/uploads\/2024\/03\/I-love-RNT-EFM-298x300.png 298w, https:\/\/rnt.ro\/wp-content\/uploads\/2024\/03\/I-love-RNT-EFM-1016x1024.png 1016w, https:\/\/rnt.ro\/wp-content\/uploads\/2024\/03\/I-love-RNT-EFM-150x150.png 150w, https:\/\/rnt.ro\/wp-content\/uploads\/2024\/03\/I-love-RNT-EFM-768x774.png 768w, https:\/\/rnt.ro\/wp-content\/uploads\/2024\/03\/I-love-RNT-EFM-1524x1536.png 1524w\" sizes=\"auto, (max-width: 1880px) 100vw, 1880px\" \/>\r\n                      <div class=\"h-image__frame h-hide-lg h-hide-md h-hide-sm style-613-frameImage style-local-1001-c8-frameImage\"><\/div>\r\n                    <\/div>\r\n                  <\/div>\r\n                <\/div>\r\n              <\/div>\r\n            <\/div>\r\n          <\/div>\r\n          <div class=\"h-column h-column-container d-flex h-col-lg-auto h-col-md-auto h-col-auto style-612-outer style-local-1001-c9-outer\">\r\n            <div data-colibri-id=\"1001-c9\" class=\"d-flex h-flex-basis h-column__inner h-px-lg-2 h-px-md-2 h-px-2 v-inner-lg-2 v-inner-md-2 v-inner-2 style-612 style-local-1001-c9 position-relative\">\r\n              <!---->\r\n              <!---->\r\n              <div class=\"w-100 h-y-container h-column__content h-column__v-align flex-basis-100 align-self-lg-start align-self-md-start align-self-start\">\r\n                <!---->\r\n                <div data-colibri-id=\"1001-c10\" class=\"d-block style-614 style-local-1001-c10 position-relative h-element\">\r\n                  <!---->\r\n                  <div class=\"h-image__frame-container-outer\">\r\n                    <div class=\"h-image__frame-container\">\r\n                      <!---->\r\n                      <!---->\r\n                      <img loading=\"lazy\" decoding=\"async\" width=\"1875\" height=\"1881\" src=\"http:\/\/rnt.ro\/wp-content\/uploads\/2024\/03\/cropped-I-love-RNT-EFM-3.png\" class=\"wp-image-1012 style-614-image style-local-1001-c10-image\" alt=\"\" srcset=\"https:\/\/rnt.ro\/wp-content\/uploads\/2024\/03\/cropped-I-love-RNT-EFM-3.png 1875w, https:\/\/rnt.ro\/wp-content\/uploads\/2024\/03\/cropped-I-love-RNT-EFM-3-300x300.png 300w, https:\/\/rnt.ro\/wp-content\/uploads\/2024\/03\/cropped-I-love-RNT-EFM-3-1021x1024.png 1021w, https:\/\/rnt.ro\/wp-content\/uploads\/2024\/03\/cropped-I-love-RNT-EFM-3-150x150.png 150w, https:\/\/rnt.ro\/wp-content\/uploads\/2024\/03\/cropped-I-love-RNT-EFM-3-768x770.png 768w, https:\/\/rnt.ro\/wp-content\/uploads\/2024\/03\/cropped-I-love-RNT-EFM-3-1531x1536.png 1531w\" sizes=\"auto, (max-width: 1875px) 100vw, 1875px\" \/>\r\n                      <div class=\"h-image__frame h-hide-lg h-hide-md h-hide-sm style-614-frameImage style-local-1001-c10-frameImage\"><\/div>\r\n                    <\/div>\r\n                  <\/div>\r\n                <\/div>\r\n              <\/div>\r\n            <\/div>\r\n          <\/div>\r\n        <\/div>\r\n      <\/div>\r\n      <div data-colibri-id=\"1001-c11\" class=\"h-row-container gutters-row-lg-2 gutters-row-md-2 gutters-row-0 gutters-row-v-lg-2 gutters-row-v-md-2 gutters-row-v-2 style-617 style-local-1001-c11 position-relative\">\r\n        <!---->\r\n        <div class=\"h-row justify-content-lg-center justify-content-md-center justify-content-center align-items-lg-stretch align-items-md-stretch align-items-stretch gutters-col-lg-2 gutters-col-md-2 gutters-col-0 gutters-col-v-lg-2 gutters-col-v-md-2 gutters-col-v-2\">\r\n          <!---->\r\n          <div class=\"h-column h-column-container d-flex h-col-lg-auto h-col-md-auto h-col-auto style-618-outer style-local-1001-c12-outer\">\r\n            <div data-colibri-id=\"1001-c12\" class=\"d-flex h-flex-basis h-column__inner h-px-lg-2 h-px-md-2 h-px-2 v-inner-lg-2 v-inner-md-2 v-inner-2 style-618 style-local-1001-c12 position-relative\">\r\n              <!---->\r\n              <!---->\r\n              <div class=\"w-100 h-y-container h-column__content h-column__v-align flex-basis-100 align-self-lg-start align-self-md-start align-self-start\">\r\n                <!---->\r\n                <div data-colibri-id=\"1001-c13\" class=\"h-text h-text-component style-619 style-local-1001-c13 position-relative h-element\">\r\n                  <!---->\r\n                  <!---->\r\n                  <div class=\"\">\r\n                    <p>\r\n                      <a href=\"https:\/\/www.facebook.com\/RNTRomania?__cft__%5B0%5D=AZWLn-QkkaXw8OudnQebIJlXNYG3tNIknsXe9y3gsmYg2DjP13x6rjIS0RxmHzuijDUKUWRuOHGgtBOPdeUoE7OMYM4Il0lT-pgwN9L8Jxam_AA0SJv4MF0DiEsTAQ4Q9RKul1TtwYhmQnFg9tnEoPoK&amp;__tn__=-%5DK-R\" style=\"font-weight: 400; color: var(--blue-link); font-family: inherit;\" class=\"customize-unpreviewable\" target=\"_blank\" rel=\"noopener\">RNT Romania<\/a> a reu\u0219it s\u0103 dep\u0103\u0219easc\u0103 aceste obstacole prin utilizarea tehnologiei avansate \u0219i a expertizei lor \u00een domeniul telecomunica\u021biilor. Echipa lor a implementat solu\u021bii personalizate pentru a asigura o acoperire optim\u0103 a\r\n                      semnalului \u0219i o calitate excelent\u0103 a transmisiei, chiar \u0219i \u00een condi\u021bii dificile de mediu.<\/p>\r\n                    <p>Aceast\u0103 ini\u021biativ\u0103 nu numai c\u0103 a oferit o experien\u021b\u0103 de divertisment \u00eembun\u0103t\u0103\u021bit\u0103 pentru cei afla\u021bi pe p\u00e2rtie, dar a demonstrat \u0219i capacitatea\r\n                      <a href=\"https:\/\/www.facebook.com\/RNTRomania?__cft__%5B0%5D=AZWLn-QkkaXw8OudnQebIJlXNYG3tNIknsXe9y3gsmYg2DjP13x6rjIS0RxmHzuijDUKUWRuOHGgtBOPdeUoE7OMYM4Il0lT-pgwN9L8Jxam_AA0SJv4MF0DiEsTAQ4Q9RKul1TtwYhmQnFg9tnEoPoK&amp;__tn__=-%5DK-R\" style=\"font-weight: 400; color: var(--blue-link); font-family: inherit;\" class=\"customize-unpreviewable\" target=\"_blank\" rel=\"noopener\">RNT Romania<\/a> de a furniza servicii fiabile \u0219i performante \u00een orice mediu. Colaborarea lor cu\r\n                      <a href=\"https:\/\/www.facebook.com\/europafmromania?__cft__%5B0%5D=AZWLn-QkkaXw8OudnQebIJlXNYG3tNIknsXe9y3gsmYg2DjP13x6rjIS0RxmHzuijDUKUWRuOHGgtBOPdeUoE7OMYM4Il0lT-pgwN9L8Jxam_AA0SJv4MF0DiEsTAQ4Q9RKul1TtwYhmQnFg9tnEoPoK&amp;__tn__=-%5DK-R\" style=\"font-weight: 400; color: var(--blue-link); font-family: inherit;\" class=\"customize-unpreviewable\" target=\"_blank\" rel=\"noopener\">Radio Europa FM<\/a> marcheaz\u0103 un pas important \u00een dezvoltarea infrastructurii de telecomunica\u021bii din zonele montane, deschiz\u00e2nd noi posibilit\u0103\u021bi pentru conectivitate \u0219i divertisment \u00een aceste regiuni.<\/p>\r\n                    <p>\u00cen concluzie, prin asigurarea transmisiei pentru EuropaFM la P\u00e2rtia Bradu din Poiana Bra\u0219ov, RNT a demonstrat angajamentul lor pentru inova\u021bie \u0219i excelen\u021b\u0103 \u00een domeniul telecomunica\u021biilor, contribuind la \u00eembun\u0103t\u0103\u021birea experien\u021bei utilizatorilor\r\n                      \u0219i la dezvoltarea infrastructurii de comunica\u021bii \u00een zonele montane.<\/p>\r\n                    <p>\r\n                      <br>\r\n                    <\/p>\r\n                  <\/div>\r\n                <\/div>\r\n              <\/div>\r\n            <\/div>\r\n          <\/div>\r\n        <\/div>\r\n      <\/div>\r\n    <\/div>\r\n  <\/div>\r\n<\/div>","protected":false},"excerpt":{"rendered":"<p>\u00centr-o colaborare ce demonstreaz\u0103 angajamentul pentru tehnologie \u0219i inova\u021bie, RNT Romania, un furnizor de telecomunica\u021bii de \u00eencredere, a asigurat transmisiunea pentru Radio Europa FM de la P\u00e2rtia Bradu din Poiana Bra\u0219ov. Aceast\u0103 ini\u021biativ\u0103 a avut un impact semnificativ asupra experien\u021bei ascult\u0103torilor, oferindu-le posibilitatea de a se bucura de muzic\u0103 \u0219i con\u021binut preferat chiar \u0219i \u00een [&hellip;]<\/p>\n","protected":false},"author":1,"featured_media":1010,"parent":0,"menu_order":0,"comment_status":"closed","ping_status":"closed","template":"page-templates\/full-width-page.php","meta":{"footnotes":""},"class_list":["post-1001","page","type-page","status-publish","has-post-thumbnail","hentry"],"_links":{"self":[{"href":"https:\/\/rnt.ro\/index.php\/wp-json\/wp\/v2\/pages\/1001","targetHints":{"allow":["GET"]}}],"collection":[{"href":"https:\/\/rnt.ro\/index.php\/wp-json\/wp\/v2\/pages"}],"about":[{"href":"https:\/\/rnt.ro\/index.php\/wp-json\/wp\/v2\/types\/page"}],"author":[{"embeddable":true,"href":"https:\/\/rnt.ro\/index.php\/wp-json\/wp\/v2\/users\/1"}],"replies":[{"embeddable":true,"href":"https:\/\/rnt.ro\/index.php\/wp-json\/wp\/v2\/comments?post=1001"}],"version-history":[{"count":4,"href":"https:\/\/rnt.ro\/index.php\/wp-json\/wp\/v2\/pages\/1001\/revisions"}],"predecessor-version":[{"id":1029,"href":"https:\/\/rnt.ro\/index.php\/wp-json\/wp\/v2\/pages\/1001\/revisions\/1029"}],"wp:featuredmedia":[{"embeddable":true,"href":"https:\/\/rnt.ro\/index.php\/wp-json\/wp\/v2\/media\/1010"}],"wp:attachment":[{"href":"https:\/\/rnt.ro\/index.php\/wp-json\/wp\/v2\/media?parent=1001"}],"curies":[{"name":"wp","href":"https:\/\/api.w.org\/{rel}","templated":true}]}}